{"id":9684,"date":"2021-05-11T14:36:05","date_gmt":"2021-05-11T18:36:05","guid":{"rendered":"https:\/\/storytelling.concordia.ca\/?page_id=9684"},"modified":"2021-12-03T09:39:08","modified_gmt":"2021-12-03T14:39:08","slug":"formation","status":"publish","type":"page","link":"https:\/\/storytelling.concordia.ca\/fr\/resources\/formation\/","title":{"rendered":"Formation"},"content":{"rendered":"<section  class='av_textblock_section av-kok6gdbj-9ee7d5d407b58291c3455362247989ad '   itemscope=\"itemscope\" itemtype=\"https:\/\/schema.org\/CreativeWork\" ><div class='avia_textblock'  itemprop=\"text\" ><h3 style=\"text-align: right;\">Webinaires de formation<\/h3>\n<\/div><\/section>\n<section  class='av_textblock_section av-kwnrnsh3-e83ddb9c029c88aa0a6593814cb9e82c '   itemscope=\"itemscope\" itemtype=\"https:\/\/schema.org\/CreativeWork\" ><div class='avia_textblock'  itemprop=\"text\" ><p>Nos webinaires ont \u00e9t\u00e9 con\u00e7us pour offrir de la formation \u00e0 distance \u00e0 nos partenaires de recherche ainsi qu&rsquo;\u00e0 nos affili\u00e9s. Ils comprennent des didacticiels vid\u00e9o, des diaporamas, des mod\u00e8les et diff\u00e9rentes ressources qui vous permettront de vous familiariser avec l&rsquo;histoire orale et les techniques d&rsquo;entrevue, la transcription d&rsquo;entrevues r\u00e9guli\u00e8res et march\u00e9es, etc. Ils peuvent \u00eatre utilis\u00e9s et adapt\u00e9s \u00e0 des fins non-commerciales, \u00e9ducatives et acad\u00e9miques tant que le CHORN est cr\u00e9dit\u00e9.<\/p>\n<\/div><\/section>\n\n<style type=\"text\/css\" data-created_by=\"avia_inline_auto\" id=\"style-css-av-av_one_full-79ff81c021393065cee878051452f6a6\">\n.flex_column.av-av_one_full-79ff81c021393065cee878051452f6a6{\nborder-radius:0px 0px 0px 0px;\npadding:0px 0px 0px 0px;\n}\n<\/style>\n<div  class='flex_column av-av_one_full-79ff81c021393065cee878051452f6a6 av_one_full  avia-builder-el-2  el_after_av_textblock  avia-builder-el-last  first flex_column_div av-zero-column-padding  column-top-margin'     ><div  data-slideshow-options=\"{&quot;animation&quot;:&quot;fade&quot;,&quot;autoplay&quot;:false,&quot;loop_autoplay&quot;:&quot;once&quot;,&quot;interval&quot;:5,&quot;loop_manual&quot;:&quot;manual-endless&quot;,&quot;autoplay_stopper&quot;:false,&quot;noNavigation&quot;:false,&quot;show_slide_delay&quot;:90}\" class='avia-content-slider avia-content-grid-active avia-content-slider1 avia-content-slider-odd  avia-builder-el-3  avia-builder-el-no-sibling  av-slideshow-ui av-control-default   av-no-slider-navigation av-slideshow-manual av-loop-once av-loop-manual-endless '  itemscope=\"itemscope\" itemtype=\"https:\/\/schema.org\/Blog\" ><div class=\"avia-content-slider-inner\"><div class=\"slide-entry-wrap\"><article class='slide-entry flex_column  post-entry post-entry-8512 slide-entry-overview slide-loop-1 slide-parity-odd  av_one_third first real-thumbnail posttype-portfolio post-format-standard'  itemscope=\"itemscope\" itemtype=\"https:\/\/schema.org\/CreativeWork\" ><a href='https:\/\/storytelling.concordia.ca\/fr\/projects-item\/webinar-introduction-to-oral-history-and-interviewing\/' data-rel='slide-1' class='slide-image' title='Webinar 1 &#8211; Introduction to Oral History and Interviewing'><img decoding=\"async\" width=\"495\" height=\"400\" src=\"https:\/\/storytelling.concordia.ca\/wp-content\/uploads\/2020\/12\/photo-entrevue-495x400.jpg\" class=\"wp-image-7341 avia-img-lazy-loading-not-7341 attachment-portfolio size-portfolio wp-post-image\" alt=\"\" \/><\/a><div class=\"slide-content\"><header class=\"entry-content-header\"><h3 class='slide-entry-title entry-title '  itemprop=\"headline\" ><a href='https:\/\/storytelling.concordia.ca\/fr\/projects-item\/webinar-introduction-to-oral-history-and-interviewing\/' title='Webinar 1 &#8211; Introduction to Oral History and Interviewing'>Webinar 1 &#8211; Introduction to Oral History and Interviewing<\/a><\/h3><span class=\"av-vertical-delimiter\"><\/span><\/header><\/div><footer class=\"entry-footer\"><\/footer><span class='hidden'>\n\t\t\t\t<span class='av-structured-data'  itemprop=\"image\" itemscope=\"itemscope\" itemtype=\"https:\/\/schema.org\/ImageObject\" >\n\t\t\t\t\t\t<span itemprop='url'>https:\/\/storytelling.concordia.ca\/wp-content\/uploads\/2020\/12\/photo-entrevue.jpg<\/span>\n\t\t\t\t\t\t<span itemprop='height'>579<\/span>\n\t\t\t\t\t\t<span itemprop='width'>579<\/span>\n\t\t\t\t<\/span>\n\t\t\t\t<span class='av-structured-data'  itemprop=\"publisher\" itemtype=\"https:\/\/schema.org\/Organization\" itemscope=\"itemscope\" >\n\t\t\t\t\t\t<span itemprop='name'>COHDS<\/span>\n\t\t\t\t\t\t<span itemprop='logo' itemscope itemtype='https:\/\/schema.org\/ImageObject'>\n\t\t\t\t\t\t\t<span itemprop='url'>http:\/\/storytelling.concordia.ca\/wp-content\/uploads\/2024\/04\/Frame-1-1COHDS-logo-2024-300x36.png<\/span>\n\t\t\t\t\t\t<\/span>\n\t\t\t\t<\/span><span class='av-structured-data'  itemprop=\"author\" itemscope=\"itemscope\" itemtype=\"https:\/\/schema.org\/Person\" ><span itemprop='name'>COHDS<\/span><\/span><span class='av-structured-data'  itemprop=\"datePublished\" datetime=\"2021-05-11T14:36:05-04:00\" >2021-02-09 15:08:18<\/span><span class='av-structured-data'  itemprop=\"dateModified\" itemtype=\"https:\/\/schema.org\/dateModified\" >2021-12-03 10:16:00<\/span><span class='av-structured-data'  itemprop=\"mainEntityOfPage\" itemtype=\"https:\/\/schema.org\/mainEntityOfPage\" ><span itemprop='name'>Webinar 1 &#8211; Introduction to Oral History and Interviewing<\/span><\/span><\/span><\/article><article class='slide-entry flex_column  post-entry post-entry-8509 slide-entry-overview slide-loop-2 slide-parity-even  av_one_third  real-thumbnail posttype-portfolio post-format-standard'  itemscope=\"itemscope\" itemtype=\"https:\/\/schema.org\/CreativeWork\" ><a href='https:\/\/storytelling.concordia.ca\/fr\/projects-item\/webinar-interview-transcription\/' data-rel='slide-1' class='slide-image' title='Webinar 2 &#8211; Interview Transcription'><img decoding=\"async\" width=\"495\" height=\"400\" src=\"https:\/\/storytelling.concordia.ca\/wp-content\/uploads\/2021\/02\/Simon-transcribing-1-495x400.jpg\" class=\"wp-image-8382 avia-img-lazy-loading-not-8382 attachment-portfolio size-portfolio wp-post-image\" alt=\"\" srcset=\"https:\/\/storytelling.concordia.ca\/wp-content\/uploads\/2021\/02\/Simon-transcribing-1-495x400.jpg 495w, https:\/\/storytelling.concordia.ca\/wp-content\/uploads\/2021\/02\/Simon-transcribing-1-845x684.jpg 845w\" sizes=\"(max-width: 495px) 100vw, 495px\" \/><\/a><div class=\"slide-content\"><header class=\"entry-content-header\"><h3 class='slide-entry-title entry-title '  itemprop=\"headline\" ><a href='https:\/\/storytelling.concordia.ca\/fr\/projects-item\/webinar-interview-transcription\/' title='Webinar 2 &#8211; Interview Transcription'>Webinar 2 &#8211; Interview Transcription<\/a><\/h3><span class=\"av-vertical-delimiter\"><\/span><\/header><\/div><footer class=\"entry-footer\"><\/footer><span class='hidden'>\n\t\t\t\t<span class='av-structured-data'  itemprop=\"image\" itemscope=\"itemscope\" itemtype=\"https:\/\/schema.org\/ImageObject\" >\n\t\t\t\t\t\t<span itemprop='url'>https:\/\/storytelling.concordia.ca\/wp-content\/uploads\/2021\/02\/Simon-transcribing-1.jpg<\/span>\n\t\t\t\t\t\t<span itemprop='height'>734<\/span>\n\t\t\t\t\t\t<span itemprop='width'>900<\/span>\n\t\t\t\t<\/span>\n\t\t\t\t<span class='av-structured-data'  itemprop=\"publisher\" itemtype=\"https:\/\/schema.org\/Organization\" itemscope=\"itemscope\" >\n\t\t\t\t\t\t<span itemprop='name'>COHDS<\/span>\n\t\t\t\t\t\t<span itemprop='logo' itemscope itemtype='https:\/\/schema.org\/ImageObject'>\n\t\t\t\t\t\t\t<span itemprop='url'>http:\/\/storytelling.concordia.ca\/wp-content\/uploads\/2024\/04\/Frame-1-1COHDS-logo-2024-300x36.png<\/span>\n\t\t\t\t\t\t<\/span>\n\t\t\t\t<\/span><span class='av-structured-data'  itemprop=\"author\" itemscope=\"itemscope\" itemtype=\"https:\/\/schema.org\/Person\" ><span itemprop='name'>COHDS<\/span><\/span><span class='av-structured-data'  itemprop=\"datePublished\" datetime=\"2021-05-11T14:36:05-04:00\" >2021-02-09 15:17:00<\/span><span class='av-structured-data'  itemprop=\"dateModified\" itemtype=\"https:\/\/schema.org\/dateModified\" >2021-12-03 10:16:46<\/span><span class='av-structured-data'  itemprop=\"mainEntityOfPage\" itemtype=\"https:\/\/schema.org\/mainEntityOfPage\" ><span itemprop='name'>Webinar 2 &#8211; Interview Transcription<\/span><\/span><\/span><\/article><article class='slide-entry flex_column  post-entry post-entry-8507 slide-entry-overview slide-loop-3 slide-parity-odd  post-entry-last  av_one_third  real-thumbnail posttype-portfolio post-format-standard'  itemscope=\"itemscope\" itemtype=\"https:\/\/schema.org\/CreativeWork\" ><a href='https:\/\/storytelling.concordia.ca\/fr\/projects-item\/webinar-3-transcribing-walking-interviews\/' data-rel='slide-1' class='slide-image' title='Webinar 3 &#8211; Transcribing Walking Interviews'><img decoding=\"async\" width=\"495\" height=\"398\" src=\"https:\/\/storytelling.concordia.ca\/wp-content\/uploads\/2021\/02\/Screen-Shot-2021-05-19-at-7.03.54-PM-495x398.png\" class=\"wp-image-10000 avia-img-lazy-loading-not-10000 attachment-portfolio size-portfolio wp-post-image\" alt=\"\" \/><\/a><div class=\"slide-content\"><header class=\"entry-content-header\"><h3 class='slide-entry-title entry-title '  itemprop=\"headline\" ><a href='https:\/\/storytelling.concordia.ca\/fr\/projects-item\/webinar-3-transcribing-walking-interviews\/' title='Webinar 3 &#8211; Transcribing Walking Interviews'>Webinar 3 &#8211; Transcribing Walking Interviews<\/a><\/h3><span class=\"av-vertical-delimiter\"><\/span><\/header><\/div><footer class=\"entry-footer\"><\/footer><span class='hidden'>\n\t\t\t\t<span class='av-structured-data'  itemprop=\"image\" itemscope=\"itemscope\" itemtype=\"https:\/\/schema.org\/ImageObject\" >\n\t\t\t\t\t\t<span itemprop='url'>https:\/\/storytelling.concordia.ca\/wp-content\/uploads\/2021\/02\/Screen-Shot-2021-05-19-at-7.03.54-PM.png<\/span>\n\t\t\t\t\t\t<span itemprop='height'>398<\/span>\n\t\t\t\t\t\t<span itemprop='width'>596<\/span>\n\t\t\t\t<\/span>\n\t\t\t\t<span class='av-structured-data'  itemprop=\"publisher\" itemtype=\"https:\/\/schema.org\/Organization\" itemscope=\"itemscope\" >\n\t\t\t\t\t\t<span itemprop='name'>COHDS<\/span>\n\t\t\t\t\t\t<span itemprop='logo' itemscope itemtype='https:\/\/schema.org\/ImageObject'>\n\t\t\t\t\t\t\t<span itemprop='url'>http:\/\/storytelling.concordia.ca\/wp-content\/uploads\/2024\/04\/Frame-1-1COHDS-logo-2024-300x36.png<\/span>\n\t\t\t\t\t\t<\/span>\n\t\t\t\t<\/span><span class='av-structured-data'  itemprop=\"author\" itemscope=\"itemscope\" itemtype=\"https:\/\/schema.org\/Person\" ><span itemprop='name'>COHDS<\/span><\/span><span class='av-structured-data'  itemprop=\"datePublished\" datetime=\"2021-05-11T14:36:05-04:00\" >2021-02-09 15:25:25<\/span><span class='av-structured-data'  itemprop=\"dateModified\" itemtype=\"https:\/\/schema.org\/dateModified\" >2021-12-03 10:17:22<\/span><span class='av-structured-data'  itemprop=\"mainEntityOfPage\" itemtype=\"https:\/\/schema.org\/mainEntityOfPage\" ><span itemprop='name'>Webinar 3 &#8211; Transcribing Walking Interviews<\/span><\/span><\/span><\/article><\/div><\/div><\/div><\/div>\n","protected":false},"excerpt":{"rendered":"","protected":false},"author":2,"featured_media":0,"parent":1575,"menu_order":0,"comment_status":"closed","ping_status":"closed","template":"","meta":{"footnotes":""},"class_list":["post-9684","page","type-page","status-publish","hentry"],"_links":{"self":[{"href":"https:\/\/storytelling.concordia.ca\/fr\/wp-json\/wp\/v2\/pages\/9684","targetHints":{"allow":["GET"]}}],"collection":[{"href":"https:\/\/storytelling.concordia.ca\/fr\/wp-json\/wp\/v2\/pages"}],"about":[{"href":"https:\/\/storytelling.concordia.ca\/fr\/wp-json\/wp\/v2\/types\/page"}],"author":[{"embeddable":true,"href":"https:\/\/storytelling.concordia.ca\/fr\/wp-json\/wp\/v2\/users\/2"}],"replies":[{"embeddable":true,"href":"https:\/\/storytelling.concordia.ca\/fr\/wp-json\/wp\/v2\/comments?post=9684"}],"version-history":[{"count":16,"href":"https:\/\/storytelling.concordia.ca\/fr\/wp-json\/wp\/v2\/pages\/9684\/revisions"}],"predecessor-version":[{"id":12522,"href":"https:\/\/storytelling.concordia.ca\/fr\/wp-json\/wp\/v2\/pages\/9684\/revisions\/12522"}],"up":[{"embeddable":true,"href":"https:\/\/storytelling.concordia.ca\/fr\/wp-json\/wp\/v2\/pages\/1575"}],"wp:attachment":[{"href":"https:\/\/storytelling.concordia.ca\/fr\/wp-json\/wp\/v2\/media?parent=9684"}],"curies":[{"name":"wp","href":"https:\/\/api.w.org\/{rel}","templated":true}]}}