{"id":6352,"date":"2020-12-02T18:50:42","date_gmt":"2020-12-02T18:50:42","guid":{"rendered":"https:\/\/dev.cohds.com\/?page_id=6352"},"modified":"2024-05-16T11:08:55","modified_gmt":"2024-05-16T15:08:55","slug":"utiliser-les-archives","status":"publish","type":"page","link":"https:\/\/storytelling.concordia.ca\/fr\/archives\/utiliser-les-archives\/","title":{"rendered":"Utiliser les archives"},"content":{"rendered":"\n<style type=\"text\/css\" data-created_by=\"avia_inline_auto\" id=\"style-css-av-283cp-cebda35a0d43cead7e9adc1e944d3a2d\">\n.flex_column.av-283cp-cebda35a0d43cead7e9adc1e944d3a2d{\nborder-radius:0px 0px 0px 0px;\npadding:0px 0px 0px 0px;\n}\n<\/style>\n<div  class='flex_column av-283cp-cebda35a0d43cead7e9adc1e944d3a2d av_one_fourth  avia-builder-el-0  el_before_av_three_fourth  avia-builder-el-first  first flex_column_div av-zero-column-padding  '     ><\/div>\n\n<style type=\"text\/css\" data-created_by=\"avia_inline_auto\" id=\"style-css-av-1elxl-a8c501240a5b25f22485ac3905a1b946\">\n.flex_column.av-1elxl-a8c501240a5b25f22485ac3905a1b946{\nborder-radius:0px 0px 0px 0px;\npadding:0px 0px 0px 0px;\n}\n<\/style>\n<div  class='flex_column av-1elxl-a8c501240a5b25f22485ac3905a1b946 av_three_fourth  avia-builder-el-1  el_after_av_one_fourth  el_before_av_one_full  flex_column_div av-zero-column-padding  '     ><style type=\"text\/css\" data-created_by=\"avia_inline_auto\" id=\"style-css-av-kbqqmldh-9feb482052003ab09605ac63d456e718\">\n.avia-image-container.av-kbqqmldh-9feb482052003ab09605ac63d456e718 img.avia_image{\nbox-shadow:none;\n}\n.avia-image-container.av-kbqqmldh-9feb482052003ab09605ac63d456e718 .av-image-caption-overlay-center{\ncolor:#ffffff;\n}\n<\/style>\n<div  class='avia-image-container av-kbqqmldh-9feb482052003ab09605ac63d456e718 av-styling-no-styling avia-align-left  avia-builder-el-2  avia-builder-el-no-sibling  av-has-copyright av-copyright-always'   itemprop=\"image\" itemscope=\"itemscope\" itemtype=\"https:\/\/schema.org\/ImageObject\" ><div class=\"avia-image-container-inner\"><div class=\"avia-image-overlay-wrap\"><img decoding=\"async\" class='wp-image-7881 avia-img-lazy-loading-not-7881 avia_image ' src=\"https:\/\/storytelling.concordia.ca\/wp-content\/uploads\/2021\/01\/Oral-history-sound-installation-by-VM-1030x579.jpg\" alt='' title='Oral history sound installation by VM'  height=\"579\" width=\"1030\"  itemprop=\"thumbnailUrl\" srcset=\"https:\/\/storytelling.concordia.ca\/wp-content\/uploads\/2021\/01\/Oral-history-sound-installation-by-VM-1030x579.jpg 1030w, https:\/\/storytelling.concordia.ca\/wp-content\/uploads\/2021\/01\/Oral-history-sound-installation-by-VM-300x169.jpg 300w, https:\/\/storytelling.concordia.ca\/wp-content\/uploads\/2021\/01\/Oral-history-sound-installation-by-VM-768x432.jpg 768w, https:\/\/storytelling.concordia.ca\/wp-content\/uploads\/2021\/01\/Oral-history-sound-installation-by-VM-705x397.jpg 705w, https:\/\/storytelling.concordia.ca\/wp-content\/uploads\/2021\/01\/Oral-history-sound-installation-by-VM.jpg 1440w\" sizes=\"(max-width: 1030px) 100vw, 1030px\" \/><\/div><small class=\"avia-copyright\">Oral history sound installation by Veronica Mockler entitled &quot;Athl\u00e9imneacht&quot; presented in symposium Listening, Performance and Conflict II, November 2019. Photo: Veronica Mockler<\/small><\/div><\/div><\/div>\n\n<style type=\"text\/css\" data-created_by=\"avia_inline_auto\" id=\"style-css-av-ywqd-a9da362356ea1ad51a43060e38200a18\">\n.flex_column.av-ywqd-a9da362356ea1ad51a43060e38200a18{\nborder-radius:0px 0px 0px 0px;\npadding:0px 0px 0px 0px;\n}\n<\/style>\n<div  class='flex_column av-ywqd-a9da362356ea1ad51a43060e38200a18 av_one_full  avia-builder-el-3  el_after_av_three_fourth  avia-builder-el-last  first flex_column_div av-zero-column-padding  column-top-margin'     ><section  class='av_textblock_section av-kbihb0gk-78d3301f98f2f60c00fafc455aba9186 '   itemscope=\"itemscope\" itemtype=\"https:\/\/schema.org\/CreativeWork\" ><div class='avia_textblock'  itemprop=\"text\" ><p>Les centres d\u2019archives sont des institutions de la m\u00e9moire qui ont pour mission de partager cette m\u00e9moire. C\u2019est pour cette raison que le mat\u00e9riel de leurs collections est souvent rendu accessible au public. Les conditions d\u2019accessibilit\u00e9 \u00e0 ce mat\u00e9riel varient selon l\u2019institution et le mat\u00e9riel qui s\u2019y trouve.<\/p>\n<p>Au CHORN, vous pouvez obtenir de l\u2019information concernant le mat\u00e9riel de nos archives en personne durant les heures d\u2019ouverture, par courriel ou dans la section Collections de notre site web. L\u2019acc\u00e8s \u00e0 nos archives est accord\u00e9 \u00e0 chaque individu, qu\u2019elle\u00b7il soit un\u00b7e affili\u00e9\u00b7e du Centre, reli\u00e9\u00b7e au CHORN officiellement ou de mani\u00e8re informelle, a utilis\u00e9 les facilit\u00e9s du Centre par le pass\u00e9 ou a \u00e9t\u00e9 amen\u00e9\u00b7e au Centre par sa carri\u00e8re acad\u00e9mique. Ces individus incluent les chercheur\u00b7euse\u00b7s, les \u00e9tudiant\u00b7e\u00b7s, les affili\u00e9\u00b7e\u00b7s, les chercheur\u00b7euse\u00b7s de la communaut\u00e9, les membres principaux\u00b7ales, les personnes qui repr\u00e9sentent des organismes et les \u00e9ducateurs\u00b7trices. L\u2019acc\u00e8s au mat\u00e9riel d\u2019archives du CHORN peut seulement \u00eatre accord\u00e9 suivant la signature d\u2019une entente d\u2019acc\u00e8s aux archives (ci-dessous) et l\u2019ajout de cette personne \u00e0 notre liste d\u2019acc\u00e8s.<\/p>\n<p><b>Tous\u00b7tes celles\u00b7ceux qui ont acc\u00e8s aux archives du CHORN doivent respecter les r\u00e8gles et r\u00e9glementations suivantes:<\/b><\/p>\n<p>\u2013 Le mat\u00e9riel du CHORN peut \u00eatre utilis\u00e9 \u00e0 des fins de recherche seulement, \u00e0 moins d\u2019autorisation contraire d\u2019un codirecteur;<\/p>\n<p>\u2013 L\u2019acc\u00e8s aux entrevues sera limit\u00e9 \u00e0 un maximum de cinq (5) entrevues ou moins \u00e0 la fois;<\/p>\n<p>\u2013 Les membres de la communaut\u00e9 doivent respecter l\u2019\u00e9tat du mat\u00e9riel de la collection, l\u2019\u00e9quipement du CHORN, les autres usager\u00b7\u00e8re\u00b7s, ainsi que les employ\u00e9\u00b7e\u00b7s du CHORN;<\/p>\n<p>\u2013 L\u2019utilisation du mat\u00e9riel d\u2019archives du CHORN pour la recherche ou la cr\u00e9ation d\u2019une publication ou d\u2019une production audio ou vid\u00e9o doit \u00eatre r\u00e9f\u00e9renc\u00e9e correctement et un codirecteur doit en \u00eatre averti;<\/p>\n<p>\u2013 Les membres de la communaut\u00e9 ne doivent pas copier ou reproduire le mat\u00e9riel de la collection du CHORN, que ce soit partiellement ou enti\u00e8rement, avant de confirmer le niveau de restriction avec un codirecteur;<\/p>\n<p>\u2013 Les membres de la communaut\u00e9 acceptent de respecter la confidentialit\u00e9 de chaque interview\u00e9\u00b7e comme indiqu\u00e9 dans leur formulaire de consentement respectif.<\/p>\n<p>Les membres qui ne respectent pas ces limitations risquent d\u2019avoir leur acc\u00e8s aux archives r\u00e9voqu\u00e9.<\/p>\n<p>Pour de l\u2019information suppl\u00e9mentaire concernant les archives du CHORN, veuillez contacter l\u2019\u00e9quipe des archives \u00e0\u00a0<a href=\"mailto:cohds.chorn.archives@gmail.com\">cohds.chorn.archives@gmail.com<\/a>.<\/p>\n<p><a href=\"http:\/\/storytelling.concordia.ca\/wp-content\/uploads\/2024\/05\/COHDS-Archives-Interview-Restriction-Levels.pdf\">COHDS Archives Interview Restriction Levels<\/a><\/p>\n<p><a href=\"http:\/\/storytelling.concordia.ca\/wp-content\/uploads\/2022\/04\/COHDS-Archival-Access-Agreement_FR.pdf\" target=\"_blank\" rel=\"noopener\">Entente d&rsquo;acc\u00e8s du CHORN<\/a><\/p>\n<\/div><\/section><\/div>\n","protected":false},"excerpt":{"rendered":"","protected":false},"author":3,"featured_media":7881,"parent":1516,"menu_order":0,"comment_status":"closed","ping_status":"closed","template":"","meta":{"footnotes":""},"class_list":["post-6352","page","type-page","status-publish","has-post-thumbnail","hentry"],"_links":{"self":[{"href":"https:\/\/storytelling.concordia.ca\/fr\/wp-json\/wp\/v2\/pages\/6352","targetHints":{"allow":["GET"]}}],"collection":[{"href":"https:\/\/storytelling.concordia.ca\/fr\/wp-json\/wp\/v2\/pages"}],"about":[{"href":"https:\/\/storytelling.concordia.ca\/fr\/wp-json\/wp\/v2\/types\/page"}],"author":[{"embeddable":true,"href":"https:\/\/storytelling.concordia.ca\/fr\/wp-json\/wp\/v2\/users\/3"}],"replies":[{"embeddable":true,"href":"https:\/\/storytelling.concordia.ca\/fr\/wp-json\/wp\/v2\/comments?post=6352"}],"version-history":[{"count":18,"href":"https:\/\/storytelling.concordia.ca\/fr\/wp-json\/wp\/v2\/pages\/6352\/revisions"}],"predecessor-version":[{"id":19803,"href":"https:\/\/storytelling.concordia.ca\/fr\/wp-json\/wp\/v2\/pages\/6352\/revisions\/19803"}],"up":[{"embeddable":true,"href":"https:\/\/storytelling.concordia.ca\/fr\/wp-json\/wp\/v2\/pages\/1516"}],"wp:featuredmedia":[{"embeddable":true,"href":"https:\/\/storytelling.concordia.ca\/fr\/wp-json\/wp\/v2\/media\/7881"}],"wp:attachment":[{"href":"https:\/\/storytelling.concordia.ca\/fr\/wp-json\/wp\/v2\/media?parent=6352"}],"curies":[{"name":"wp","href":"https:\/\/api.w.org\/{rel}","templated":true}]}}