{"id":6349,"date":"2020-12-02T18:48:20","date_gmt":"2020-12-02T23:48:20","guid":{"rendered":"https:\/\/dev.cohds.com\/?page_id=6349"},"modified":"2024-10-04T14:25:41","modified_gmt":"2024-10-04T18:25:41","slug":"donation","status":"publish","type":"page","link":"https:\/\/storytelling.concordia.ca\/fr\/archives\/donation\/","title":{"rendered":"Donation"},"content":{"rendered":"\n<style type=\"text\/css\" data-created_by=\"avia_inline_auto\" id=\"style-css-av-283cp-cebda35a0d43cead7e9adc1e944d3a2d\">\n.flex_column.av-283cp-cebda35a0d43cead7e9adc1e944d3a2d{\nborder-radius:0px 0px 0px 0px;\npadding:0px 0px 0px 0px;\n}\n<\/style>\n<div  class='flex_column av-283cp-cebda35a0d43cead7e9adc1e944d3a2d av_one_fourth  avia-builder-el-0  el_before_av_three_fourth  avia-builder-el-first  first flex_column_div av-zero-column-padding  '     ><\/div>\n\n<style type=\"text\/css\" data-created_by=\"avia_inline_auto\" id=\"style-css-av-1elxl-a8c501240a5b25f22485ac3905a1b946\">\n.flex_column.av-1elxl-a8c501240a5b25f22485ac3905a1b946{\nborder-radius:0px 0px 0px 0px;\npadding:0px 0px 0px 0px;\n}\n<\/style>\n<div  class='flex_column av-1elxl-a8c501240a5b25f22485ac3905a1b946 av_three_fourth  avia-builder-el-1  el_after_av_one_fourth  el_before_av_one_full  flex_column_div av-zero-column-padding  '     ><style type=\"text\/css\" data-created_by=\"avia_inline_auto\" id=\"style-css-av-kbqqmldh-f660c36bb03b1f7e57e9266acbab635f\">\n.avia-image-container.av-kbqqmldh-f660c36bb03b1f7e57e9266acbab635f img.avia_image{\nbox-shadow:none;\n}\n.avia-image-container.av-kbqqmldh-f660c36bb03b1f7e57e9266acbab635f .av-image-caption-overlay-center{\ncolor:#ffffff;\n}\n<\/style>\n<div  class='avia-image-container av-kbqqmldh-f660c36bb03b1f7e57e9266acbab635f av-styling-no-styling avia-align-left  avia-builder-el-2  avia-builder-el-no-sibling  av-has-copyright av-copyright-always'   itemprop=\"image\" itemscope=\"itemscope\" itemtype=\"https:\/\/schema.org\/ImageObject\" ><div class=\"avia-image-container-inner\"><div class=\"avia-image-overlay-wrap\"><img decoding=\"async\" class='wp-image-7347 avia-img-lazy-loading-not-7347 avia_image ' src=\"https:\/\/storytelling.concordia.ca\/wp-content\/uploads\/2020\/12\/Kan-Ya-Ma-Kan-1-1030x588.jpg\" alt='' title='Photo: Emma Harak\u00e9'  height=\"588\" width=\"1030\"  itemprop=\"thumbnailUrl\" srcset=\"https:\/\/storytelling.concordia.ca\/wp-content\/uploads\/2020\/12\/Kan-Ya-Ma-Kan-1-1030x588.jpg 1030w, https:\/\/storytelling.concordia.ca\/wp-content\/uploads\/2020\/12\/Kan-Ya-Ma-Kan-1-300x171.jpg 300w, https:\/\/storytelling.concordia.ca\/wp-content\/uploads\/2020\/12\/Kan-Ya-Ma-Kan-1-768x439.jpg 768w, https:\/\/storytelling.concordia.ca\/wp-content\/uploads\/2020\/12\/Kan-Ya-Ma-Kan-1-1536x878.jpg 1536w, https:\/\/storytelling.concordia.ca\/wp-content\/uploads\/2020\/12\/Kan-Ya-Ma-Kan-1-2048x1170.jpg 2048w, https:\/\/storytelling.concordia.ca\/wp-content\/uploads\/2020\/12\/Kan-Ya-Ma-Kan-1-1500x857.jpg 1500w, https:\/\/storytelling.concordia.ca\/wp-content\/uploads\/2020\/12\/Kan-Ya-Ma-Kan-1-705x403.jpg 705w\" sizes=\"(max-width: 1030px) 100vw, 1030px\" \/><\/div><small class=\"avia-copyright\">Photo: Emma Harak\u00e9<\/small><\/div><\/div><\/div>\n\n<style type=\"text\/css\" data-created_by=\"avia_inline_auto\" id=\"style-css-av-ywqd-a9da362356ea1ad51a43060e38200a18\">\n.flex_column.av-ywqd-a9da362356ea1ad51a43060e38200a18{\nborder-radius:0px 0px 0px 0px;\npadding:0px 0px 0px 0px;\n}\n<\/style>\n<div  class='flex_column av-ywqd-a9da362356ea1ad51a43060e38200a18 av_one_full  avia-builder-el-3  el_after_av_three_fourth  avia-builder-el-last  first flex_column_div av-zero-column-padding  column-top-margin'     ><section  class='av_textblock_section av-kbihb0gk-78d3301f98f2f60c00fafc455aba9186 '   itemscope=\"itemscope\" itemtype=\"https:\/\/schema.org\/CreativeWork\" ><div class='avia_textblock'  itemprop=\"text\" ><p>Les affili\u00e9s sont encourag\u00e9s \u00e0 donner leurs entrevues, dans l\u2019intention d\u2019agrandir la collection d\u2019histoire orale actuelle des archives du CHORN. Le mat\u00e9riel sera ajout\u00e9 \u00e0 la collection et rendu accessible aux affili\u00e9s, membres de la communaut\u00e9 et \u00e9tudiants qui souhaitent le consulter durant les heures d\u2019ouverture du laboratoire ou les heures d\u00e9sign\u00e9es aux archives. Le mat\u00e9riel donn\u00e9 aux archives sera transf\u00e9r\u00e9 au CHORN selon les proc\u00e9dures du <a href=\"http:\/\/storytelling.concordia.ca\/wp-content\/uploads\/2024\/10\/Donation-Agreement-2024.pdf\" target=\"_blank\" rel=\"noopener\">accord de donation<\/a>, gr\u00e2ce auquel le CHORN obtiendra le droit de d\u00e9tenir et de reproduire le mat\u00e9riel. Le mat\u00e9riel d\u2019archives produit par nos affili\u00e9s est important parce qu\u2019il permet aux autres membres du CHORN et de la communaut\u00e9 de Concordia de t\u00e9moigner de la richesse de l\u2019histoire enregistr\u00e9e par les individus qui s\u2019impliquent au Centre. De plus, archiver un projet lui permet d\u2019avoir une vie au-del\u00e0 de sa cr\u00e9ation et d\u2019\u00eatre rendu accessible aux chercheurs et aux membres de la communaut\u00e9. Finalement, donner son mat\u00e9riel \u00e0 un centre d\u2019archives publiques assure sa pr\u00e9servation, mais aussi son accessibilit\u00e9 \u00e0 un large public qui n\u2019y aurait pas acc\u00e8s autrement.<\/p>\n<p>Les documents requis afin que votre travail puisse \u00eatre donn\u00e9 aux archives du CHORN sont les fichiers d\u2019entrevues d\u2019histoire orale et les formulaires de consentement de tous les interview\u00e9s. Apr\u00e8s une br\u00e8ve consultation avec notre archiviste, vous remplirez le accord de donation et votre mat\u00e9riel sera en traitement pour int\u00e9grer les archives. Les dons seront accept\u00e9s durant les heures de consultation des archives ou durant un rendez-vous avec l\u2019archiviste, qui peut \u00eatre contact\u00e9e \u00e0 l\u2019adresse suivante <a href=\"mailto:cohds.chorn.archives@gmail.com\">cohds.chorn.archives@gmail.com<\/a>.<\/p>\n<p>En plus des fichiers d\u2019entrevues et des formulaires de consentement, si vous avez d\u2019autres documents, tels que des transcriptions, r\u00e8glements \u00e9thiques ou autre, nous aimerions recevoir ceux-ci \u00e9galement. Bien que ce mat\u00e9riel ne soit pas requis avec votre don, il donnera de la valeur \u00e0 votre mat\u00e9riel. Ce mat\u00e9riel suppl\u00e9mentaire fournira un contexte \u00e0 votre entrevue et votre projet de recherche et, cons\u00e9quemment, permettra aux affili\u00e9s d\u2019avoir acc\u00e8s \u00e0 votre m\u00e9thodologie et aux \u00e9tapes qui ont men\u00e9 \u00e0 la r\u00e9alisation de votre projet. Toutes les histoires orales sont importantes et archiver celles que vous avez cr\u00e9\u00e9 est un pas de plus vers l\u2019acc\u00e8s au pass\u00e9. Ce mat\u00e9riel suppl\u00e9mentaire compl\u00e9mentera vos entrevues et donnera aux chercheurs et membres de la communaut\u00e9 un aper\u00e7u de vos pens\u00e9es, ainsi que des raisons derri\u00e8re le choix de votre sujet de recherche.<\/p>\n<p>\u00c0 partir du moment o\u00f9 votre mat\u00e9riel est donn\u00e9 et que le accord de donation est sign\u00e9, notre \u00e9quipe d\u2019archivage attribuera un num\u00e9ro d\u2019acc\u00e8s unique \u00e0 votre mat\u00e9riel pour qu\u2019il puisse \u00eatre facilement localis\u00e9 dans les archives du CHORN, ainsi que dans notre future base de donn\u00e9es. L\u2019\u00e9quipe va alors organiser et d\u00e9crire votre mat\u00e9riel en suivant les r\u00e8gles de description des archives, avant de le rendre disponible pour consultation. Des copies mat\u00e9rielles du mat\u00e9riel archiv\u00e9 seront gard\u00e9es dans la salle d\u2019archives et disponibles pour consultation durant les heures d\u2019ouverture du laboratoire et les heures d\u00e9sign\u00e9es aux archives. Des copies digitales du mat\u00e9riel archiv\u00e9 seront \u00e9galement produites, puisque le CHORN est en transition vers l\u2019utilisation de programmes d\u2019archivage digitals. Ces copies digitales seront accessibles via le site web du CHORN tr\u00e8s bient\u00f4t.<\/p>\n<p>Des explications additionnelles sur les r\u00e8glements ci-dessus et toutes autres questions sur les archives du CHORN peuvent \u00eatre envoy\u00e9es \u00e0 l\u2019\u00e9quipe d\u2019archives \u00e0 l\u2019adresse\u00a0<a href=\"mailto:cohds.chorn.archives@gmail.com\">cohds.chorn.archives@gmail.com<\/a>.<\/p>\n<p><a href=\"https:\/\/dev.cohds.com\/wp-content\/uploads\/2020\/12\/Consent-Form-Template.pdf\" target=\"_blank\" rel=\"noopener\">Consent Form Template<\/a><\/p>\n<p><a href=\"http:\/\/storytelling.concordia.ca\/wp-content\/uploads\/2024\/10\/Donation-Agreement-2024.pdf\" target=\"_blank\" rel=\"noopener\">accord de donation<\/a><\/p>\n<\/div><\/section><\/div>\n","protected":false},"excerpt":{"rendered":"","protected":false},"author":3,"featured_media":7347,"parent":1516,"menu_order":0,"comment_status":"closed","ping_status":"closed","template":"","meta":{"footnotes":""},"class_list":["post-6349","page","type-page","status-publish","has-post-thumbnail","hentry"],"_links":{"self":[{"href":"https:\/\/storytelling.concordia.ca\/fr\/wp-json\/wp\/v2\/pages\/6349","targetHints":{"allow":["GET"]}}],"collection":[{"href":"https:\/\/storytelling.concordia.ca\/fr\/wp-json\/wp\/v2\/pages"}],"about":[{"href":"https:\/\/storytelling.concordia.ca\/fr\/wp-json\/wp\/v2\/types\/page"}],"author":[{"embeddable":true,"href":"https:\/\/storytelling.concordia.ca\/fr\/wp-json\/wp\/v2\/users\/3"}],"replies":[{"embeddable":true,"href":"https:\/\/storytelling.concordia.ca\/fr\/wp-json\/wp\/v2\/comments?post=6349"}],"version-history":[{"count":14,"href":"https:\/\/storytelling.concordia.ca\/fr\/wp-json\/wp\/v2\/pages\/6349\/revisions"}],"predecessor-version":[{"id":21064,"href":"https:\/\/storytelling.concordia.ca\/fr\/wp-json\/wp\/v2\/pages\/6349\/revisions\/21064"}],"up":[{"embeddable":true,"href":"https:\/\/storytelling.concordia.ca\/fr\/wp-json\/wp\/v2\/pages\/1516"}],"wp:featuredmedia":[{"embeddable":true,"href":"https:\/\/storytelling.concordia.ca\/fr\/wp-json\/wp\/v2\/media\/7347"}],"wp:attachment":[{"href":"https:\/\/storytelling.concordia.ca\/fr\/wp-json\/wp\/v2\/media?parent=6349"}],"curies":[{"name":"wp","href":"https:\/\/api.w.org\/{rel}","templated":true}]}}