{"id":5601,"date":"2020-11-23T19:16:09","date_gmt":"2020-11-23T19:16:09","guid":{"rendered":"https:\/\/dev.cohds.com\/?page_id=5601"},"modified":"2024-12-11T11:27:43","modified_gmt":"2024-12-11T16:27:43","slug":"devenir-membre","status":"publish","type":"page","link":"https:\/\/storytelling.concordia.ca\/fr\/a-propos-de-nous\/devenir-membre\/","title":{"rendered":"Devenir membre"},"content":{"rendered":"<section  class='av_textblock_section av-l8ypah97-81e96ddb856d81aa63a29906a8efaf7e '   itemscope=\"itemscope\" itemtype=\"https:\/\/schema.org\/CreativeWork\" ><div class='avia_textblock'  itemprop=\"text\" ><p><b>Devenir membre<\/b><\/p>\n<p>La communaut\u00e9 du CHORN est ancr\u00e9e dans des principes de collaboration, de r\u00e9ciprocit\u00e9 et d&rsquo;\u00e9thique. C&rsquo;est un espace o\u00f9 les membres de la communaut\u00e9 et les chercheur.e.s se r\u00e9unissent pour cr\u00e9er, collecter, analyser, archiver et partager des enregistrements audiovisuels d&rsquo;histoire orale et des \u0153uvres de narration num\u00e9rique au sein et au-del\u00e0 du monde universitaire.<\/p>\n<p>Nos membres sont issus de milieux universitaires et communautaires et leurs int\u00e9r\u00eats forment une tapisserie qui m\u00eale performance artistique, recherche-cr\u00e9ation, histoire orale et plus encore. Nous acceptons les candidatures de toute personne, organisme ou groupe qui s&rsquo;int\u00e9resse \u00e0 l&rsquo;histoire orale, \u00e0 la narration num\u00e9rique et\/ou \u00e0 la recherche-cr\u00e9ation et qui souhaite les explorer.<\/p>\n<p>Les affili\u00e9.e.s ont acc\u00e8s \u00e0:<\/p>\n<ul>\n<li>Emprunter divers types de mat\u00e9riel d&rsquo;enregistrement audio et visuel, y compris du mat\u00e9riel de baladodiffusion.<\/li>\n<li>Proposer et animer un atelier ou une conf\u00e9rence dans le cadre de la programmation annuelle du CHORN.<\/li>\n<li>Une salle de conf\u00e9rence (Sunroom) \u00e9quip\u00e9e d&rsquo;un projecteur, d&rsquo;un syst\u00e8me de sonorisation et de \u00ab\u00a0l&rsquo;OWL\u00a0\u00bb.<\/li>\n<li>Un espace de repr\u00e9sentation\/th\u00e9\u00e2tre en bo\u00eete noire (ALLab\/Moonroom).<\/li>\n<li>Un espace de r\u00e9servation pour les \u00e9v\u00e9nements et ateliers li\u00e9s \u00e0 l&rsquo;histoire orale.<\/li>\n<li>Programmes et outils de montage et de transcription tels que DaVinci Resolve, Adobe Suite, LogicPro, etc.<\/li>\n<li>Partage de leurs recherches, \u00e9v\u00e9nements, etc. dans notre infolettre bimensuelle.<\/li>\n<li>Possibilit\u00e9 d&rsquo;utiliser les espaces du CHORN pour exposer les projets de recherche-cr\u00e9ation et pour r\u00e9aliser des entrevues.<\/li>\n<li>La possibilit\u00e9 de rencontrer d&rsquo;autres affili\u00e9.e.s, de trouver des int\u00e9r\u00eats communs et de collaborer.<\/li>\n<\/ul>\n<p><b><span data-contrast=\"auto\">Lignes directrices en mati\u00e8re d&rsquo;affiliation et r\u00e9ciprocit\u00e9<\/span><\/b><span data-ccp-props=\"{\">\u00a0<\/span><\/p>\n<p>Les membres affili\u00e9.e.s sont un \u00e9l\u00e9ment fondamental du CHORN et, conform\u00e9ment au principe de r\u00e9ciprocit\u00e9, les affili\u00e9.e.s sont encourag\u00e9.e.s \u00e0 participer aux \u00e9v\u00e9nements de la programmation du CHORN (soit en y assistant, soit en animant des ateliers dans le cadre de la programmation du CHORN) et \u00e0 prendre part \u00e0 notre assembl\u00e9e g\u00e9n\u00e9rale annuelle qui se tient au d\u00e9but de l&rsquo;automne. Le CHORN est \u00e9galement un centre d&rsquo;archives et accepte les dons de collections.<\/p>\n<p>Nous demandons aux membres de la communaut\u00e9 d&rsquo;envoyer leurs rapports annuels d&rsquo;affiliation, car ceux-ci nous permettent de partager les d\u00e9veloppements annuels du CHORN avec l&rsquo;administration de l&rsquo;universit\u00e9, soutenant ainsi notre statut d&rsquo;unit\u00e9 de recherche tout en renouvelant votre statut d&rsquo;affili\u00e9.e. Les rapports annuels sont de courts rapports pour lesquels un appel est lanc\u00e9 chaque ann\u00e9e au printemps, accompagn\u00e9 d&rsquo;instructions.<\/p>\n<p>Veuillez noter que l&rsquo;affiliation est un statut annuel, et non pas un statut \u00e0 dur\u00e9e ind\u00e9termin\u00e9e. Les affili\u00e9.e.s qui ne soumettent pas ce rapport ne seront pas r\u00e9affili\u00e9.e.s (bien qu&rsquo;ils puissent se r\u00e9affilier \u00e0 l&rsquo;avenir).<\/p>\n<p>Pour en savoir davantage sur les lignes directrices et la r\u00e9ciprocit\u00e9, consultez notre page Gouvernance et rapports annuels.<\/p>\n<p><b><span data-contrast=\"auto\">Processus d&rsquo;affiliation<\/span><\/b><span data-ccp-props=\"{\">\u00a0<\/span><\/p>\n<p>Pour devenir affili\u00e9.e, veuillez remplir le formulaire de <a href=\"https:\/\/forms.office.com\/pages\/responsepage.aspx?id=hfFpVS_SE06YUM5bGrzS6AKMmwottXxDg36JTiKuFNFUQTZYR1NSV1ZJM0xMT1I0QjVCTjNKN1pLVS4u&amp;route=shorturl\">demande d&rsquo;affiliation<\/a>.<\/p>\n<p>Si vous avez des questions ou si vous souhaitez obtenir des pr\u00e9cisions, envoyez un courriel \u00e0 <a href=\"mailto:cohds.chorn@concordia.ca\">cohds.chorn@concordia.ca<\/a>.<\/p>\n<div  class='avia-button-wrap av-2yvuu9-1869b355fb9a63f64a5427fc3c7ff0f0-wrap avia-button-left  avia-builder-el-1  avia-builder-el-no-sibling '><a href='https:\/\/forms.office.com\/r\/5vUiCDNRjz' class='avia-button av-2yvuu9-1869b355fb9a63f64a5427fc3c7ff0f0 avia-icon_select-yes-left-icon avia-size-small avia-position-left avia-color-theme-color' target=\"_blank\" rel=\"noopener noreferrer\"><span class='avia_button_icon avia_button_icon_left' aria-hidden='true' data-av_icon='\ue84b' data-av_iconfont='entypo-fontello'><\/span><span class='avia_iconbox_title' >Devenez membre du CHORN<\/span><\/a><\/div>\n<\/div><\/section>\n<div  class='hr av-34yoxd-53492d088018ff16093284f65105517b hr-default  avia-builder-el-2  el_after_av_textblock  avia-builder-el-last '><span class='hr-inner '><span class=\"hr-inner-style\"><\/span><\/span><\/div>\n","protected":false},"excerpt":{"rendered":"","protected":false},"author":1,"featured_media":0,"parent":1490,"menu_order":0,"comment_status":"closed","ping_status":"closed","template":"","meta":{"footnotes":""},"class_list":["post-5601","page","type-page","status-publish","hentry"],"_links":{"self":[{"href":"https:\/\/storytelling.concordia.ca\/fr\/wp-json\/wp\/v2\/pages\/5601","targetHints":{"allow":["GET"]}}],"collection":[{"href":"https:\/\/storytelling.concordia.ca\/fr\/wp-json\/wp\/v2\/pages"}],"about":[{"href":"https:\/\/storytelling.concordia.ca\/fr\/wp-json\/wp\/v2\/types\/page"}],"author":[{"embeddable":true,"href":"https:\/\/storytelling.concordia.ca\/fr\/wp-json\/wp\/v2\/users\/1"}],"replies":[{"embeddable":true,"href":"https:\/\/storytelling.concordia.ca\/fr\/wp-json\/wp\/v2\/comments?post=5601"}],"version-history":[{"count":15,"href":"https:\/\/storytelling.concordia.ca\/fr\/wp-json\/wp\/v2\/pages\/5601\/revisions"}],"predecessor-version":[{"id":21731,"href":"https:\/\/storytelling.concordia.ca\/fr\/wp-json\/wp\/v2\/pages\/5601\/revisions\/21731"}],"up":[{"embeddable":true,"href":"https:\/\/storytelling.concordia.ca\/fr\/wp-json\/wp\/v2\/pages\/1490"}],"wp:attachment":[{"href":"https:\/\/storytelling.concordia.ca\/fr\/wp-json\/wp\/v2\/media?parent=5601"}],"curies":[{"name":"wp","href":"https:\/\/api.w.org\/{rel}","templated":true}]}}