{"id":4345,"date":"2020-11-03T16:17:46","date_gmt":"2020-11-03T21:17:46","guid":{"rendered":"https:\/\/dev.cohds.com\/?page_id=4345"},"modified":"2024-09-05T13:26:37","modified_gmt":"2024-09-05T17:26:37","slug":"installations","status":"publish","type":"page","link":"https:\/\/storytelling.concordia.ca\/fr\/resources\/installations\/","title":{"rendered":"Locaux"},"content":{"rendered":"\n<style type=\"text\/css\" data-created_by=\"avia_inline_auto\" id=\"style-css-av-ywqd-a9da362356ea1ad51a43060e38200a18\">\n.flex_column.av-ywqd-a9da362356ea1ad51a43060e38200a18{\nborder-radius:0px 0px 0px 0px;\npadding:0px 0px 0px 0px;\n}\n<\/style>\n<div  class='flex_column av-ywqd-a9da362356ea1ad51a43060e38200a18 av_one_full  avia-builder-el-0  avia-builder-el-no-sibling  first flex_column_div av-zero-column-padding  '     ><section  class='av_textblock_section av-kbihb0gk-78d3301f98f2f60c00fafc455aba9186 '   itemscope=\"itemscope\" itemtype=\"https:\/\/schema.org\/CreativeWork\" ><div class='avia_textblock'  itemprop=\"text\" ><p><span class=\"s1\"><b>LABORATOIRE INFORMATIQUE\u00a0<\/b><\/span><\/p>\n<p class=\"p1\"><span class=\"s1\">Le laboratoire informatique du CHORN (Centre d\u2019histoire orale et de r\u00e9cits num\u00e9ris\u00e9s) est situ\u00e9 au <\/span><span class=\"s1\"><a href=\"https:\/\/storytelling.concordia.ca\/fr\/contact\/\">10e \u00e9tage du pavillon John-W.-McConnell, au 1455, boulevard De\u00a0Maisonneuve Ouest (salle LB\u00a01042)<\/a>. L\u2019acc\u00e8s au laboratoire est r\u00e9serv\u00e9\u00a0<\/span><span lang=\"FR-CA\">aux membres affili\u00e9\u00b7e\u00b7s du CHORN<\/span><span class=\"s1\">. <\/span><\/p>\n<p>Le laboratoire informatique propose sept\u00a0postes de travail dot\u00e9s de logiciels de postproduction audio et vid\u00e9o. L\u2019un des postes permet la capture d\u2019images et de sons enregistr\u00e9s sous divers formats, notamment Mini-DV, VHS et ruban de cassette audio.<\/p>\n<p>L\u2019acc\u00e8s aux ordinateurs du p\u00f4le de recherche principal du CHORN est r\u00e9serv\u00e9 aux membres affili\u00e9\u00b7e\u00b7s. Les demandes de r\u00e9servation seront trait\u00e9es dans l\u2019ordre d\u2019arriv\u00e9e. Avec l\u2019approbation d\u2019un\u00b7e membre du personnel du CHORN, un\u00b7e membre affili\u00e9\u00b7e peut r\u00e9server un ordinateur afin de terminer un projet ou d\u2019ex\u00e9cuter une t\u00e2che d\u2019ordre g\u00e9n\u00e9ral. Selon la disponibilit\u00e9 des appareils, il est possible de r\u00e9server un ordinateur pour une p\u00e9riode de temps prolong\u00e9e.\u00a0Le cas \u00e9ch\u00e9ant,\u00a0l\u2019autorisation pr\u00e9alable d\u2019un\u00b7e membre de l\u2019\u00e9quipe de gestion du CHORN est requise, et les membres principaux\u00b7ales ainsi que les projets r\u00e9alis\u00e9s dans le cadre d\u2019un partenariat officiel ont priorit\u00e9.<\/p>\n<p>Les membres affili\u00e9\u00b7e\u00b7s sont pri\u00e9\u00b7e\u00b7s de stocker leurs fichiers de projet sur un disque dur externe. Les fichiers enregistr\u00e9s dans tout ordinateur du\u00a0CHORN\u00a0sont supprim\u00e9s p\u00e9riodiquement durant l\u2019ann\u00e9e, et ce, sans pr\u00e9avis.<\/p>\n<p class=\"p5\"><span style=\"color: #000000;\"><span class=\"s1\"><b>LISTE DES LOGICIELS DISPONIBLES AU LABORATOIRE INFORMATIQUE <\/b><\/span><\/span><\/p>\n<p class=\"p5\"><span class=\"s1\"><u>Montage audio ou vid\u00e9o <\/u><\/span><\/p>\n<ul>\n<li class=\"p6\"><span class=\"s1\">Suite Adobe pour le montage audio-vid\u00e9o (y\u00a0compris Premiere, Audition et Photoshop) <\/span><\/li>\n<li class=\"p6\"><span class=\"s1\">Audacity <\/span><\/li>\n<li class=\"p6\"><span class=\"s1\">Aegissub (pour le sous-titrage) <\/span><\/li>\n<\/ul>\n<p class=\"p5\"><span class=\"s1\"><u>Transcription <\/u><\/span><\/p>\n<ul>\n<li class=\"p6\"><span class=\"s1\">Express Scribe (avec contr\u00f4leur p\u00e9dalier) <\/span><\/li>\n<\/ul>\n<p class=\"p5\"><span class=\"s1\"><u>Liens vers des logiciels de narration num\u00e9rique <\/u><\/span><\/p>\n<ul class=\"ul1\">\n<li class=\"li9\"><span class=\"s6\"><a href=\"http:\/\/storytelling.concordia.ca\/storiesmatter\/\" target=\"_blank\" rel=\"noopener noreferrer\">Stories Matter<\/a><\/span><span class=\"s8\"><span class=\"s8\"> : Avec Adobe abandonnant son flash player, nous ne pouvons plus acc\u00e9der \u00e0 nos fichiers audio et vid\u00e9o dans le logiciel Stories Matter. C&rsquo;est le seul composant propri\u00e9taire du logiciel \u2013 mais il y est essentiel. C&rsquo;est une nouvelle d\u00e9vastatrice pour nous tous avec des bases de donn\u00e9es Stories Matter et il n\u2019y a pas de solution miracle car le lecteur y est int\u00e9gr\u00e9. \u00c9tant donn\u00e9 les milliers d&rsquo;heures d&rsquo;entretiens dans les bases de donn\u00e9es Stories Matter, nous ferons de notre mieux pour trouver du financement pour rem\u00e9dier ce probl\u00e8me<\/span><\/span><\/li>\n<li class=\"li9\"><a href=\"https:\/\/voicethread.com\" target=\"_blank\" rel=\"noopener noreferrer\"><span class=\"s6\">Voice Thread\u00a0<\/span><\/a><\/li>\n<\/ul>\n<p class=\"p1\"><span class=\"s1\"><b>SALLE DE CONF\u00c9RENCE (\u00ab\u00a0SUN ROOM\u00a0\u00bb) <\/b><\/span><\/p>\n<p>Pouvant accueillir 25\u00a0personnes, la salle de conf\u00e9rence se pr\u00eate \u00e0 divers types de rencontres et d\u2019\u00e9v\u00e9nements. Dot\u00e9e d\u2019un projecteur haute d\u00e9finition et d\u2019un syst\u00e8me sonore, elle sert habituellement \u00e0 des activit\u00e9s li\u00e9es au CHORN ou \u00e0 l\u2019histoire orale. Pour r\u00e9server la salle de conf\u00e9rence, envoyez un courriel \u00e0 l\u2019adresse\u00a0<a href=\"mailto:cohds.chorn@concordia.ca\">cohds.chorn@concordia.ca.<\/a>\u00a0Veuillez pr\u00e9voir la r\u00e9servation \u00e0 l\u2019avance.<\/p>\n<p>La salle de conf\u00e9rence peut \u00eatre r\u00e9serv\u00e9e par les membres principaux\u00b7ales du corps professoral, et ce, \u00e0 des fins d\u2019enseignement \u2013 par exemple, la tenue d\u2019un s\u00e9minaire fortement ax\u00e9 sur l\u2019histoire orale ou publique. La recevabilit\u00e9 des demandes de r\u00e9servation sp\u00e9ciales est laiss\u00e9e \u00e0 la discr\u00e9tion de la coordonnatrice et m\u00e9diatrice communautaire ainsi que des codirecteurs. Ensemble, ils d\u00e9terminent si, compte tenu des diverses activit\u00e9s annuelles du CHORN, une telle demande peut \u00eatre accept\u00e9e.<\/p>\n<p class=\"p1\"><span class=\"s1\"><b>LABORATOIRE D\u2019\u00c9COUTE ACTIVE <\/b><\/span><\/p>\n<p>Espace de performance de type bo\u00eete noire, le\u00a0<a href=\"https:\/\/www.concordia.ca\/finearts\/research-creation\/labs\/acts-of-listening.html\">Laboratoire<\/a>\u00a0d\u2019\u00e9coute active\u00a0(ALLab) peut \u00eatre r\u00e9serv\u00e9 par les membres affili\u00e9\u00b7e\u00b7s de celui-ci ainsi que par ceux du CHORN. Le laboratoire se consacre \u00e0 divers volets de l\u2019histoire orale\u00a0: pr\u00e9sentation, recherche, diffusion et discussion.<\/p>\n<p>Le Laboratoire d\u2019\u00e9coute active appuie l\u2019engagement constant que manifeste le\u00a0Centre d\u2019histoire orale et de r\u00e9cits num\u00e9ris\u00e9s\u00a0\u00e0 l\u2019\u00e9gard de l\u2019autorit\u00e9 partag\u00e9e et des connaissances complexes. En effet, il met en relief l\u2019\u00e9coute en zone postconflictuelle et soutient des projets de recherche-cr\u00e9ation qui proposent des r\u00e9ponses aux questions li\u00e9es \u00e0 la m\u00e9moire, \u00e0 la justice et \u00e0 la communication narrative. \u00c0 la fine pointe de la technologie, le laboratoire s\u2019inscrit \u00e9troitement dans les activit\u00e9s de recherche-cr\u00e9ation du CHORN. Enfin, il participe \u00e0 la concr\u00e9tisation d\u2019un objectif cl\u00e9\u00a0: favoriser la collaboration transdisciplinaire par l\u2019interm\u00e9diaire de l\u2019histoire orale, des arts et des m\u00e9dias num\u00e9riques.<\/p>\n<p>Pour faire une r\u00e9servation au Laboratoire d\u2019\u00e9coute active, envoyez un courriel \u00e0 l\u2019adresse\u00a0<a href=\"mailto:acts.listeninglab@concordia.ca\">acts.listeninglab@concordia.ca<\/a>.<\/p>\n<\/div><\/section><\/div>\n","protected":false},"excerpt":{"rendered":"","protected":false},"author":1,"featured_media":4896,"parent":1575,"menu_order":8,"comment_status":"closed","ping_status":"closed","template":"","meta":{"footnotes":""},"class_list":["post-4345","page","type-page","status-publish","has-post-thumbnail","hentry"],"_links":{"self":[{"href":"https:\/\/storytelling.concordia.ca\/fr\/wp-json\/wp\/v2\/pages\/4345","targetHints":{"allow":["GET"]}}],"collection":[{"href":"https:\/\/storytelling.concordia.ca\/fr\/wp-json\/wp\/v2\/pages"}],"about":[{"href":"https:\/\/storytelling.concordia.ca\/fr\/wp-json\/wp\/v2\/types\/page"}],"author":[{"embeddable":true,"href":"https:\/\/storytelling.concordia.ca\/fr\/wp-json\/wp\/v2\/users\/1"}],"replies":[{"embeddable":true,"href":"https:\/\/storytelling.concordia.ca\/fr\/wp-json\/wp\/v2\/comments?post=4345"}],"version-history":[{"count":26,"href":"https:\/\/storytelling.concordia.ca\/fr\/wp-json\/wp\/v2\/pages\/4345\/revisions"}],"predecessor-version":[{"id":20619,"href":"https:\/\/storytelling.concordia.ca\/fr\/wp-json\/wp\/v2\/pages\/4345\/revisions\/20619"}],"up":[{"embeddable":true,"href":"https:\/\/storytelling.concordia.ca\/fr\/wp-json\/wp\/v2\/pages\/1575"}],"wp:featuredmedia":[{"embeddable":true,"href":"https:\/\/storytelling.concordia.ca\/fr\/wp-json\/wp\/v2\/media\/4896"}],"wp:attachment":[{"href":"https:\/\/storytelling.concordia.ca\/fr\/wp-json\/wp\/v2\/media?parent=4345"}],"curies":[{"name":"wp","href":"https:\/\/api.w.org\/{rel}","templated":true}]}}