{"id":4337,"date":"2020-11-03T16:19:56","date_gmt":"2020-11-03T21:19:56","guid":{"rendered":"https:\/\/dev.cohds.com\/?page_id=4337"},"modified":"2024-11-29T13:07:16","modified_gmt":"2024-11-29T18:07:16","slug":"lemprunt-dequipement","status":"publish","type":"page","link":"https:\/\/storytelling.concordia.ca\/fr\/resources\/lemprunt-dequipement\/","title":{"rendered":"Emprunt d\u2019\u00e9quipement"},"content":{"rendered":"\n<style type=\"text\/css\" data-created_by=\"avia_inline_auto\" id=\"style-css-av-283cp-cebda35a0d43cead7e9adc1e944d3a2d\">\n.flex_column.av-283cp-cebda35a0d43cead7e9adc1e944d3a2d{\nborder-radius:0px 0px 0px 0px;\npadding:0px 0px 0px 0px;\n}\n<\/style>\n<div  class='flex_column av-283cp-cebda35a0d43cead7e9adc1e944d3a2d av_one_fourth  avia-builder-el-0  el_before_av_three_fourth  avia-builder-el-first  first flex_column_div av-zero-column-padding  '     ><\/div>\n\n<style type=\"text\/css\" data-created_by=\"avia_inline_auto\" id=\"style-css-av-1elxl-a8c501240a5b25f22485ac3905a1b946\">\n.flex_column.av-1elxl-a8c501240a5b25f22485ac3905a1b946{\nborder-radius:0px 0px 0px 0px;\npadding:0px 0px 0px 0px;\n}\n<\/style>\n<div  class='flex_column av-1elxl-a8c501240a5b25f22485ac3905a1b946 av_three_fourth  avia-builder-el-1  el_after_av_one_fourth  el_before_av_one_full  flex_column_div av-zero-column-padding  '     ><style type=\"text\/css\" data-created_by=\"avia_inline_auto\" id=\"style-css-av-kbqqmldh-f414132dc48a996b1a348d0ad7c66d9b\">\n.avia-image-container.av-kbqqmldh-f414132dc48a996b1a348d0ad7c66d9b img.avia_image{\nbox-shadow:none;\n}\n.avia-image-container.av-kbqqmldh-f414132dc48a996b1a348d0ad7c66d9b .av-image-caption-overlay-center{\ncolor:#ffffff;\n}\n<\/style>\n<div  class='avia-image-container av-kbqqmldh-f414132dc48a996b1a348d0ad7c66d9b av-styling-no-styling avia-align-left  avia-builder-el-2  avia-builder-el-no-sibling '   itemprop=\"image\" itemscope=\"itemscope\" itemtype=\"https:\/\/schema.org\/ImageObject\" ><div class=\"avia-image-container-inner\"><div class=\"avia-image-overlay-wrap\"><img decoding=\"async\" class='wp-image-7341 avia-img-lazy-loading-not-7341 avia_image ' src=\"https:\/\/storytelling.concordia.ca\/wp-content\/uploads\/2020\/12\/photo-entrevue.jpg\" alt='' title='photo entrevue'  height=\"579\" width=\"579\"  itemprop=\"thumbnailUrl\" srcset=\"https:\/\/storytelling.concordia.ca\/wp-content\/uploads\/2020\/12\/photo-entrevue.jpg 579w, https:\/\/storytelling.concordia.ca\/wp-content\/uploads\/2020\/12\/photo-entrevue-300x300.jpg 300w, https:\/\/storytelling.concordia.ca\/wp-content\/uploads\/2020\/12\/photo-entrevue-80x80.jpg 80w, https:\/\/storytelling.concordia.ca\/wp-content\/uploads\/2020\/12\/photo-entrevue-36x36.jpg 36w, https:\/\/storytelling.concordia.ca\/wp-content\/uploads\/2020\/12\/photo-entrevue-180x180.jpg 180w\" sizes=\"(max-width: 579px) 100vw, 579px\" \/><\/div><\/div><\/div><\/div>\n\n<style type=\"text\/css\" data-created_by=\"avia_inline_auto\" id=\"style-css-av-ywqd-a9da362356ea1ad51a43060e38200a18\">\n.flex_column.av-ywqd-a9da362356ea1ad51a43060e38200a18{\nborder-radius:0px 0px 0px 0px;\npadding:0px 0px 0px 0px;\n}\n<\/style>\n<div  class='flex_column av-ywqd-a9da362356ea1ad51a43060e38200a18 av_one_full  avia-builder-el-3  el_after_av_three_fourth  avia-builder-el-last  first flex_column_div av-zero-column-padding  column-top-margin'     ><section  class='av_textblock_section av-kbihb0gk-78d3301f98f2f60c00fafc455aba9186 '   itemscope=\"itemscope\" itemtype=\"https:\/\/schema.org\/CreativeWork\" ><div class='avia_textblock'  itemprop=\"text\" ><div class=\"flex-shrink-0 flex flex-col relative items-end\">\n<div>\n<div class=\"pt-0\">\n<div class=\"gizmo-bot-avatar flex h-8 w-8 items-center justify-center overflow-hidden rounded-full\">\n<div class=\"relative p-1 rounded-sm flex items-center justify-center bg-token-main-surface-primary text-token-text-primary h-8 w-8\"><\/div>\n<\/div>\n<\/div>\n<\/div>\n<\/div>\n<div class=\"group\/conversation-turn relative flex w-full min-w-0 flex-col agent-turn\">\n<div class=\"flex-col gap-1 md:gap-3\">\n<div class=\"flex max-w-full flex-col flex-grow\">\n<div class=\"min-h-8 text-message flex w-full flex-col items-end gap-2 whitespace-normal break-words &#091;.text-message+&amp;&#093;:mt-5\" dir=\"auto\" data-message-author-role=\"assistant\" data-message-id=\"b15a34a8-2c90-423f-b826-0d20e4fba737\" data-message-model-slug=\"gpt-4o\">\n<div class=\"flex w-full flex-col gap-1 empty:hidden first:pt-&#091;3px&#093;\">\n<div class=\"markdown prose w-full break-words dark:prose-invert light\">\n<p>En tant qu&rsquo;affili\u00e9\u00b7e du CHORN, vous pouvez emprunter une vaste gamme d\u2019\u00e9quipements audiovisuels \u2013 y compris, entre autres, divers enregistreurs, cam\u00e9ras, \u00e9couteurs et accessoires connexes.<\/p>\n<p><strong>Comment emprunter :<\/strong><\/p>\n<p>Pour faire une demande d\u2019\u00e9quipement, veuillez remplir <a href=\"https:\/\/forms.office.com\/pages\/responsepage.aspx?id=hfFpVS_SE06YUM5bGrzS6GLjFR-s3_RDnPz52DAdVY1UMFZaREoxTlVKTlJNSTJaWEJTQVQyN0JPUy4u&amp;origin=lprLink&amp;route=shorturl\">le formulaire d\u2019emprunt<\/a>. Vous recevrez un courriel de confirmation de notre technicien de laboratoire pour organiser le ramassage (pr\u00e9voyez quelques jours ouvrables). Une fois la date et l\u2019heure de ramassage confirm\u00e9es, l\u2019\u00e9quipement peut \u00eatre r\u00e9cup\u00e9r\u00e9 au bureau principal du CHORN, dans le laboratoire informatique (LB-1042).<\/p>\n<p><strong>R\u00e8gles d\u2019emprunt :<\/strong><\/p>\n<p>Veuillez noter que les r\u00e9servations d\u2019\u00e9quipement sont effectu\u00e9es selon le principe du premier arriv\u00e9, premier servi. Les appareils photo num\u00e9riques, en raison de leur disponibilit\u00e9 limit\u00e9e, peuvent \u00eatre emprunt\u00e9s pour une p\u00e9riode maximale de quatre jours, sauf demande sp\u00e9ciale.<\/p>\n<p>Les affili\u00e9\u00b7e\u00b7s sont responsables de retourner l\u2019\u00e9quipement dans le m\u00eame \u00e9tat qu\u2019ils l\u2019ont re\u00e7u et doivent signaler tout probl\u00e8me technique rencontr\u00e9 lors de son utilisation. De plus, les affili\u00e9\u00b7e\u00b7s sont financi\u00e8rement responsables des frais de remplacement en cas de perte ou de dommage de l\u2019\u00e9quipement.<\/p>\n<p>Nous regrettons de ne pouvoir r\u00e9pondre aux demandes d\u2019emprunt de derni\u00e8re minute, aux demandes effectu\u00e9es en dehors des heures de travail, ou aux demandes d\u2019emprunt pendant la fermeture annuelle du CHORN, de la mi-juin \u00e0 la fin ao\u00fbt.<\/p>\n<p>Pour toute question, veuillez \u00e9crire \u00e0 <strong><a rel=\"noopener\">cohdslabtech@concordia.ca<\/a><\/strong>.<\/p>\n<\/div>\n<\/div>\n<\/div>\n<\/div>\n<\/div>\n<\/div>\n<\/div><\/section><\/div>\n","protected":false},"excerpt":{"rendered":"","protected":false},"author":1,"featured_media":7341,"parent":1575,"menu_order":9,"comment_status":"closed","ping_status":"closed","template":"","meta":{"footnotes":""},"class_list":["post-4337","page","type-page","status-publish","has-post-thumbnail","hentry"],"_links":{"self":[{"href":"https:\/\/storytelling.concordia.ca\/fr\/wp-json\/wp\/v2\/pages\/4337","targetHints":{"allow":["GET"]}}],"collection":[{"href":"https:\/\/storytelling.concordia.ca\/fr\/wp-json\/wp\/v2\/pages"}],"about":[{"href":"https:\/\/storytelling.concordia.ca\/fr\/wp-json\/wp\/v2\/types\/page"}],"author":[{"embeddable":true,"href":"https:\/\/storytelling.concordia.ca\/fr\/wp-json\/wp\/v2\/users\/1"}],"replies":[{"embeddable":true,"href":"https:\/\/storytelling.concordia.ca\/fr\/wp-json\/wp\/v2\/comments?post=4337"}],"version-history":[{"count":12,"href":"https:\/\/storytelling.concordia.ca\/fr\/wp-json\/wp\/v2\/pages\/4337\/revisions"}],"predecessor-version":[{"id":21584,"href":"https:\/\/storytelling.concordia.ca\/fr\/wp-json\/wp\/v2\/pages\/4337\/revisions\/21584"}],"up":[{"embeddable":true,"href":"https:\/\/storytelling.concordia.ca\/fr\/wp-json\/wp\/v2\/pages\/1575"}],"wp:featuredmedia":[{"embeddable":true,"href":"https:\/\/storytelling.concordia.ca\/fr\/wp-json\/wp\/v2\/media\/7341"}],"wp:attachment":[{"href":"https:\/\/storytelling.concordia.ca\/fr\/wp-json\/wp\/v2\/media?parent=4337"}],"curies":[{"name":"wp","href":"https:\/\/api.w.org\/{rel}","templated":true}]}}