{"id":1577,"date":"2020-06-22T17:12:37","date_gmt":"2020-06-22T21:12:37","guid":{"rendered":"https:\/\/dev.cohds.com\/?page_id=1577"},"modified":"2020-12-08T17:07:22","modified_gmt":"2020-12-08T17:07:22","slug":"evenements-passes","status":"publish","type":"page","link":"https:\/\/storytelling.concordia.ca\/fr\/evenements-passes\/","title":{"rendered":"\u00c9v\u00e8nements pass\u00e9s"},"content":{"rendered":"\n<style type=\"text\/css\" data-created_by=\"avia_inline_auto\" id=\"style-css-av-4do1mx-0b8b6c781c4bdf39d1c08a29b9275752\">\n.flex_column.av-4do1mx-0b8b6c781c4bdf39d1c08a29b9275752{\nborder-radius:0px 0px 0px 0px;\npadding:0px 0px 0px 0px;\n}\n<\/style>\n<div  class='flex_column av-4do1mx-0b8b6c781c4bdf39d1c08a29b9275752 av_one_fourth  avia-builder-el-0  el_before_av_three_fourth  avia-builder-el-first  first flex_column_div av-zero-column-padding  '     ><\/div>\n\n<style type=\"text\/css\" data-created_by=\"avia_inline_auto\" id=\"style-css-av-2k77yh-70f6e56008f74d2b90cb588575d1d026\">\n.flex_column.av-2k77yh-70f6e56008f74d2b90cb588575d1d026{\nborder-radius:0px 0px 0px 0px;\npadding:0px 0px 0px 0px;\n}\n<\/style>\n<div  class='flex_column av-2k77yh-70f6e56008f74d2b90cb588575d1d026 av_three_fourth  avia-builder-el-1  el_after_av_one_fourth  avia-builder-el-last  flex_column_div av-zero-column-padding  '     ><\/div>\n","protected":false},"excerpt":{"rendered":"","protected":false},"author":1,"featured_media":0,"parent":0,"menu_order":22,"comment_status":"closed","ping_status":"closed","template":"","meta":{"footnotes":""},"class_list":["post-1577","page","type-page","status-publish","hentry"],"_links":{"self":[{"href":"https:\/\/storytelling.concordia.ca\/fr\/wp-json\/wp\/v2\/pages\/1577","targetHints":{"allow":["GET"]}}],"collection":[{"href":"https:\/\/storytelling.concordia.ca\/fr\/wp-json\/wp\/v2\/pages"}],"about":[{"href":"https:\/\/storytelling.concordia.ca\/fr\/wp-json\/wp\/v2\/types\/page"}],"author":[{"embeddable":true,"href":"https:\/\/storytelling.concordia.ca\/fr\/wp-json\/wp\/v2\/users\/1"}],"replies":[{"embeddable":true,"href":"https:\/\/storytelling.concordia.ca\/fr\/wp-json\/wp\/v2\/comments?post=1577"}],"version-history":[{"count":12,"href":"https:\/\/storytelling.concordia.ca\/fr\/wp-json\/wp\/v2\/pages\/1577\/revisions"}],"predecessor-version":[{"id":19595,"href":"https:\/\/storytelling.concordia.ca\/fr\/wp-json\/wp\/v2\/pages\/1577\/revisions\/19595"}],"wp:attachment":[{"href":"https:\/\/storytelling.concordia.ca\/fr\/wp-json\/wp\/v2\/media?parent=1577"}],"curies":[{"name":"wp","href":"https:\/\/api.w.org\/{rel}","templated":true}]}}