{"id":1575,"date":"2020-06-22T17:11:57","date_gmt":"2020-06-22T21:11:57","guid":{"rendered":"https:\/\/dev.cohds.com\/?page_id=1575"},"modified":"2023-04-05T12:47:28","modified_gmt":"2023-04-05T16:47:28","slug":"resources","status":"publish","type":"page","link":"https:\/\/storytelling.concordia.ca\/fr\/resources\/","title":{"rendered":"Ressources"},"content":{"rendered":"\n<style type=\"text\/css\" data-created_by=\"avia_inline_auto\" id=\"style-css-av-283cp-cebda35a0d43cead7e9adc1e944d3a2d\">\n.flex_column.av-283cp-cebda35a0d43cead7e9adc1e944d3a2d{\nborder-radius:0px 0px 0px 0px;\npadding:0px 0px 0px 0px;\n}\n<\/style>\n<div  class='flex_column av-283cp-cebda35a0d43cead7e9adc1e944d3a2d av_one_fourth  avia-builder-el-0  el_before_av_three_fourth  avia-builder-el-first  first flex_column_div av-zero-column-padding  '     ><\/div>\n\n<style type=\"text\/css\" data-created_by=\"avia_inline_auto\" id=\"style-css-av-1elxl-a8c501240a5b25f22485ac3905a1b946\">\n.flex_column.av-1elxl-a8c501240a5b25f22485ac3905a1b946{\nborder-radius:0px 0px 0px 0px;\npadding:0px 0px 0px 0px;\n}\n<\/style>\n<div  class='flex_column av-1elxl-a8c501240a5b25f22485ac3905a1b946 av_three_fourth  avia-builder-el-1  el_after_av_one_fourth  el_before_av_one_full  flex_column_div av-zero-column-padding  '     ><style type=\"text\/css\" data-created_by=\"avia_inline_auto\" id=\"style-css-av-kbqqmldh-fb735774e5d27bc03445e46573bbc73e\">\n.avia-image-container.av-kbqqmldh-fb735774e5d27bc03445e46573bbc73e img.avia_image{\nbox-shadow:none;\n}\n.avia-image-container.av-kbqqmldh-fb735774e5d27bc03445e46573bbc73e .av-image-caption-overlay-center{\ncolor:#ffffff;\n}\n<\/style>\n<div  class='avia-image-container av-kbqqmldh-fb735774e5d27bc03445e46573bbc73e av-styling-no-styling avia-align-left  avia-builder-el-2  avia-builder-el-no-sibling  av-has-copyright av-copyright-always'   itemprop=\"image\" itemscope=\"itemscope\" itemtype=\"https:\/\/schema.org\/ImageObject\" ><div class=\"avia-image-container-inner\"><div class=\"avia-image-overlay-wrap\"><img decoding=\"async\" class='wp-image-7889 avia-img-lazy-loading-not-7889 avia_image ' src=\"https:\/\/storytelling.concordia.ca\/wp-content\/uploads\/2021\/01\/Acts-of-Listening-Lab-Caite-Clarke-845x563.jpg\" alt='' title='Acts-of-Listening-Lab-Caite-Clarke'  height=\"563\" width=\"845\"  itemprop=\"thumbnailUrl\"  \/><\/div><small class=\"avia-copyright\">Acts of Listening Lab. Photo: Caite Clark<\/small><\/div><\/div><\/div>\n\n<style type=\"text\/css\" data-created_by=\"avia_inline_auto\" id=\"style-css-av-ywqd-a9da362356ea1ad51a43060e38200a18\">\n.flex_column.av-ywqd-a9da362356ea1ad51a43060e38200a18{\nborder-radius:0px 0px 0px 0px;\npadding:0px 0px 0px 0px;\n}\n<\/style>\n<div  class='flex_column av-ywqd-a9da362356ea1ad51a43060e38200a18 av_one_full  avia-builder-el-3  el_after_av_three_fourth  avia-builder-el-last  first flex_column_div av-zero-column-padding  column-top-margin'     ><section  class='av_textblock_section av-kbihb0gk-f43da00709cf267a660d138e3ca5da1e '   itemscope=\"itemscope\" itemtype=\"https:\/\/schema.org\/CreativeWork\" ><div class='avia_textblock'  itemprop=\"text\" ><p>Le Centre d\u2019histoire orale et de r\u00e9cits num\u00e9ris\u00e9s apporte son soutien aux organismes et aux membres qui lui sont affili\u00e9\u00b7e\u00b7s de m\u00eame qu\u2019\u00e0 toute personne qui s\u2019int\u00e9resse \u00e0 sa programmation publique. Le CHORN organise des ateliers de formation, des tables rondes et des s\u00e9minaires auxquels le grand public peut assister gratuitement. \u00c9quip\u00e9 de mat\u00e9riel d\u2019enregistrement audio et vid\u00e9o \u00e0 la fine pointe de la technologie ainsi que de divers outils de formation en ligne, le CHORN abrite un laboratoire de recherche informatique r\u00e9serv\u00e9 \u00e0 ses membres affili\u00e9\u00b7e\u00b7s, un laboratoire d\u2019\u00e9coute active de type bo\u00eete noire, une salle d\u2019entrevue et une salle consacr\u00e9e aux conf\u00e9rences et \u00e0 divers \u00e9v\u00e9nements.<\/p>\n<p>Outre de l\u2019information sur les modalit\u00e9s d\u2019acc\u00e8s aux installations du CHORN et les conditions r\u00e9gissant leur utilisation, les internautes trouveront ici une base de donn\u00e9es sur des ressources sp\u00e9cialis\u00e9es en m\u00e9thodologie de l\u2019histoire orale. <a href=\"https:\/\/forms.office.com\/Pages\/ResponsePage.aspx?id=hfFpVS_SE06YUM5bGrzS6AKMmwottXxDg36JTiKuFNFUQlNVOEhFVEtFMU1YQVdJVlcxOUZVTUJEWi4u\" target=\"_blank\" rel=\"noopener\">Utilisez ce formulaire pour nous dire ce dont vous avez besoin<\/a>.<\/p>\n<p>Vous pouvez nous envoyer un courriel \u00e0 <a href=\"mailto:cohds.chorn@concordia.ca\">cohds.chorn@concordia.ca<\/a>\u00a0ou\u00a0<a href=\"mailto:cohdscoordinator@concordia.ca\">cohdscoordinator@concordia.ca<\/a>. Veuillez visiter la page \u00ab <a href=\"https:\/\/storytelling.concordia.ca\/fr\/contact\/\" target=\"_blank\" rel=\"noopener\">Nous joindre<\/a> \u00bb pour consulter nos heures d&rsquo;ouverture.<\/p>\n<p><b>MESURES DE S\u00c9CURIT\u00c9<\/b><\/p>\n<p>Le CHORN conseille aux visiteurs de porter des masques et de maintenir une distance physique lorsque l&rsquo;universit\u00e9 l&rsquo;exige ou lorsque les membres de la communaut\u00e9 le demandent.<\/p>\n<\/div><\/section><\/div>\n","protected":false},"excerpt":{"rendered":"","protected":false},"author":1,"featured_media":7889,"parent":0,"menu_order":27,"comment_status":"closed","ping_status":"closed","template":"","meta":{"footnotes":""},"class_list":["post-1575","page","type-page","status-publish","has-post-thumbnail","hentry"],"_links":{"self":[{"href":"https:\/\/storytelling.concordia.ca\/fr\/wp-json\/wp\/v2\/pages\/1575","targetHints":{"allow":["GET"]}}],"collection":[{"href":"https:\/\/storytelling.concordia.ca\/fr\/wp-json\/wp\/v2\/pages"}],"about":[{"href":"https:\/\/storytelling.concordia.ca\/fr\/wp-json\/wp\/v2\/types\/page"}],"author":[{"embeddable":true,"href":"https:\/\/storytelling.concordia.ca\/fr\/wp-json\/wp\/v2\/users\/1"}],"replies":[{"embeddable":true,"href":"https:\/\/storytelling.concordia.ca\/fr\/wp-json\/wp\/v2\/comments?post=1575"}],"version-history":[{"count":30,"href":"https:\/\/storytelling.concordia.ca\/fr\/wp-json\/wp\/v2\/pages\/1575\/revisions"}],"predecessor-version":[{"id":16473,"href":"https:\/\/storytelling.concordia.ca\/fr\/wp-json\/wp\/v2\/pages\/1575\/revisions\/16473"}],"wp:featuredmedia":[{"embeddable":true,"href":"https:\/\/storytelling.concordia.ca\/fr\/wp-json\/wp\/v2\/media\/7889"}],"wp:attachment":[{"href":"https:\/\/storytelling.concordia.ca\/fr\/wp-json\/wp\/v2\/media?parent=1575"}],"curies":[{"name":"wp","href":"https:\/\/api.w.org\/{rel}","templated":true}]}}