{"id":1574,"date":"2020-06-22T17:12:18","date_gmt":"2020-06-22T21:12:18","guid":{"rendered":"https:\/\/dev.cohds.com\/?page_id=1574"},"modified":"2022-01-27T09:59:49","modified_gmt":"2022-01-27T14:59:49","slug":"recherche-et-creation","status":"publish","type":"page","link":"https:\/\/storytelling.concordia.ca\/fr\/recherche-et-creation\/","title":{"rendered":"Recherche\/cr\u00e9ation"},"content":{"rendered":"\n<style type=\"text\/css\" data-created_by=\"avia_inline_auto\" id=\"style-css-av-283cp-cebda35a0d43cead7e9adc1e944d3a2d\">\n.flex_column.av-283cp-cebda35a0d43cead7e9adc1e944d3a2d{\nborder-radius:0px 0px 0px 0px;\npadding:0px 0px 0px 0px;\n}\n<\/style>\n<div  class='flex_column av-283cp-cebda35a0d43cead7e9adc1e944d3a2d av_one_fourth  avia-builder-el-0  el_before_av_three_fourth  avia-builder-el-first  first flex_column_div av-zero-column-padding  '     ><\/div>\n\n<style type=\"text\/css\" data-created_by=\"avia_inline_auto\" id=\"style-css-av-1elxl-a8c501240a5b25f22485ac3905a1b946\">\n.flex_column.av-1elxl-a8c501240a5b25f22485ac3905a1b946{\nborder-radius:0px 0px 0px 0px;\npadding:0px 0px 0px 0px;\n}\n<\/style>\n<div  class='flex_column av-1elxl-a8c501240a5b25f22485ac3905a1b946 av_three_fourth  avia-builder-el-1  el_after_av_one_fourth  el_before_av_one_full  flex_column_div av-zero-column-padding  '     ><style type=\"text\/css\" data-created_by=\"avia_inline_auto\" id=\"style-css-av-kbqqmldh-2d17f4f4e9b2c3aa7d3853fc0c19d5f3\">\n.avia-image-container.av-kbqqmldh-2d17f4f4e9b2c3aa7d3853fc0c19d5f3 img.avia_image{\nbox-shadow:none;\n}\n.avia-image-container.av-kbqqmldh-2d17f4f4e9b2c3aa7d3853fc0c19d5f3 .av-image-caption-overlay-center{\ncolor:#ffffff;\n}\n<\/style>\n<div  class='avia-image-container av-kbqqmldh-2d17f4f4e9b2c3aa7d3853fc0c19d5f3 av-styling-no-styling avia-align-left  avia-builder-el-2  avia-builder-el-no-sibling  av-has-copyright av-copyright-always'   itemprop=\"image\" itemscope=\"itemscope\" itemtype=\"https:\/\/schema.org\/ImageObject\" ><div class=\"avia-image-container-inner\"><div class=\"avia-image-overlay-wrap\"><img decoding=\"async\" class='wp-image-7337 avia-img-lazy-loading-not-7337 avia_image ' src=\"https:\/\/storytelling.concordia.ca\/wp-content\/uploads\/2020\/12\/Come-Wash-with-Us-1030x687.jpg\" alt='' title='Come Wash with Us, Tasht Collective: Kumru Bilici, Khadija Baker, Hourig Attarian, Shahrzad Arshadi'  height=\"687\" width=\"1030\"  itemprop=\"thumbnailUrl\" srcset=\"https:\/\/storytelling.concordia.ca\/wp-content\/uploads\/2020\/12\/Come-Wash-with-Us-1030x687.jpg 1030w, https:\/\/storytelling.concordia.ca\/wp-content\/uploads\/2020\/12\/Come-Wash-with-Us-300x200.jpg 300w, https:\/\/storytelling.concordia.ca\/wp-content\/uploads\/2020\/12\/Come-Wash-with-Us-768x512.jpg 768w, https:\/\/storytelling.concordia.ca\/wp-content\/uploads\/2020\/12\/Come-Wash-with-Us-1536x1024.jpg 1536w, https:\/\/storytelling.concordia.ca\/wp-content\/uploads\/2020\/12\/Come-Wash-with-Us-1500x1000.jpg 1500w, https:\/\/storytelling.concordia.ca\/wp-content\/uploads\/2020\/12\/Come-Wash-with-Us-705x470.jpg 705w, https:\/\/storytelling.concordia.ca\/wp-content\/uploads\/2020\/12\/Come-Wash-with-Us.jpg 1944w\" sizes=\"(max-width: 1030px) 100vw, 1030px\" \/><\/div><small class=\"avia-copyright\">Come Wash with Us, Tasht Collective: Kumru Bilici, Khadija Baker, Hourig Attarian, Shahrzad Arshadi<\/small><\/div><\/div><\/div>\n\n<style type=\"text\/css\" data-created_by=\"avia_inline_auto\" id=\"style-css-av-ywqd-a9da362356ea1ad51a43060e38200a18\">\n.flex_column.av-ywqd-a9da362356ea1ad51a43060e38200a18{\nborder-radius:0px 0px 0px 0px;\npadding:0px 0px 0px 0px;\n}\n<\/style>\n<div  class='flex_column av-ywqd-a9da362356ea1ad51a43060e38200a18 av_one_full  avia-builder-el-3  el_after_av_three_fourth  avia-builder-el-last  first flex_column_div av-zero-column-padding  column-top-margin'     ><section  class='av_textblock_section av-kbihb0gk-77d502bee485f9a4a86f2960911ef3a4 '   itemscope=\"itemscope\" itemtype=\"https:\/\/schema.org\/CreativeWork\" ><div class='avia_textblock'  itemprop=\"text\" ><p>Au fil des ans, les membres affili\u00e9\u00b7e\u00b7s du Centre d\u2019histoire orale et de r\u00e9cits num\u00e9ris\u00e9s (CHORN) ont r\u00e9alis\u00e9 un grand nombre de projets innovants et de performances avant-gardistes. Ce faisant, elles\u00b7ils ont conf\u00e9r\u00e9 un sens plus large \u00e0 la notion de recherche-cr\u00e9ation.<\/p>\n<p>Vous trouverez dans la pr\u00e9sente section divers exemples de projets de recherche-cr\u00e9ation men\u00e9s par des membres affili\u00e9\u00b7e\u00b7s \u2013 chercheur\u00b7euse\u00b7s, artistes, \u00e9tudiant\u00b7e\u00b7s ou membres de la communaut\u00e9 \u2013 du CHORN. Nous vous proposons notamment des performances, des expositions, des parcours audioguid\u00e9s, des balados, des r\u00e9cits imag\u00e9s, des photos, des cartes interactives et des \u0153uvres d\u2019art public qui, tous, illustrent la cr\u00e9ativit\u00e9 que peuvent inspirer les projets d\u2019histoire orale.<\/p>\n<\/div><\/section><\/div>\n","protected":false},"excerpt":{"rendered":"","protected":false},"author":1,"featured_media":7337,"parent":0,"menu_order":25,"comment_status":"closed","ping_status":"closed","template":"","meta":{"footnotes":""},"class_list":["post-1574","page","type-page","status-publish","has-post-thumbnail","hentry"],"_links":{"self":[{"href":"https:\/\/storytelling.concordia.ca\/fr\/wp-json\/wp\/v2\/pages\/1574","targetHints":{"allow":["GET"]}}],"collection":[{"href":"https:\/\/storytelling.concordia.ca\/fr\/wp-json\/wp\/v2\/pages"}],"about":[{"href":"https:\/\/storytelling.concordia.ca\/fr\/wp-json\/wp\/v2\/types\/page"}],"author":[{"embeddable":true,"href":"https:\/\/storytelling.concordia.ca\/fr\/wp-json\/wp\/v2\/users\/1"}],"replies":[{"embeddable":true,"href":"https:\/\/storytelling.concordia.ca\/fr\/wp-json\/wp\/v2\/comments?post=1574"}],"version-history":[{"count":10,"href":"https:\/\/storytelling.concordia.ca\/fr\/wp-json\/wp\/v2\/pages\/1574\/revisions"}],"predecessor-version":[{"id":13193,"href":"https:\/\/storytelling.concordia.ca\/fr\/wp-json\/wp\/v2\/pages\/1574\/revisions\/13193"}],"wp:featuredmedia":[{"embeddable":true,"href":"https:\/\/storytelling.concordia.ca\/fr\/wp-json\/wp\/v2\/media\/7337"}],"wp:attachment":[{"href":"https:\/\/storytelling.concordia.ca\/fr\/wp-json\/wp\/v2\/media?parent=1574"}],"curies":[{"name":"wp","href":"https:\/\/api.w.org\/{rel}","templated":true}]}}