{"id":1522,"date":"2020-06-22T16:55:10","date_gmt":"2020-06-22T20:55:10","guid":{"rendered":"https:\/\/dev.cohds.com\/?page_id=1522"},"modified":"2024-11-08T13:08:01","modified_gmt":"2024-11-08T18:08:01","slug":"contact","status":"publish","type":"page","link":"https:\/\/storytelling.concordia.ca\/fr\/contact\/","title":{"rendered":"Nous joindre"},"content":{"rendered":"\n<style type=\"text\/css\" data-created_by=\"avia_inline_auto\" id=\"style-css-av-ywqd-a9da362356ea1ad51a43060e38200a18\">\n.flex_column.av-ywqd-a9da362356ea1ad51a43060e38200a18{\nborder-radius:0px 0px 0px 0px;\npadding:0px 0px 0px 0px;\n}\n<\/style>\n<div  class='flex_column av-ywqd-a9da362356ea1ad51a43060e38200a18 av_one_full  avia-builder-el-0  avia-builder-el-no-sibling  first flex_column_div av-zero-column-padding  '     ><p>\n<style type=\"text\/css\" data-created_by=\"avia_inline_auto\" id=\"style-css-av-khusdmdz-c60c08fabacb3eff52c1c3c7f639aa15\">\n.avia-image-container.av-khusdmdz-c60c08fabacb3eff52c1c3c7f639aa15 img.avia_image{\nbox-shadow:none;\n}\n.avia-image-container.av-khusdmdz-c60c08fabacb3eff52c1c3c7f639aa15 .av-image-caption-overlay-center{\ncolor:#ffffff;\n}\n<\/style>\n<div  class='avia-image-container av-khusdmdz-c60c08fabacb3eff52c1c3c7f639aa15 av-styling-no-styling avia-align-left  avia-builder-el-1  el_before_av_hr  avia-builder-el-first '   itemprop=\"image\" itemscope=\"itemscope\" itemtype=\"https:\/\/schema.org\/ImageObject\" ><div class=\"avia-image-container-inner\"><div class=\"avia-image-overlay-wrap\"><a href=\"http:\/\/umap.openstreetmap.fr\/en\/map\/cohds-location-map_471997#16\/45.4967\/-73.5772\" class='avia_image' target=\"_blank\" rel=\"noopener noreferrer\" aria-label='map'><img decoding=\"async\" class='wp-image-5376 avia-img-lazy-loading-not-5376 avia_image ' src=\"https:\/\/storytelling.concordia.ca\/wp-content\/uploads\/2020\/11\/map.jpg\" alt='' title='map'  height=\"491\" width=\"800\"  itemprop=\"thumbnailUrl\" srcset=\"https:\/\/storytelling.concordia.ca\/wp-content\/uploads\/2020\/11\/map.jpg 800w, https:\/\/storytelling.concordia.ca\/wp-content\/uploads\/2020\/11\/map-300x184.jpg 300w, https:\/\/storytelling.concordia.ca\/wp-content\/uploads\/2020\/11\/map-768x471.jpg 768w, https:\/\/storytelling.concordia.ca\/wp-content\/uploads\/2020\/11\/map-705x433.jpg 705w\" sizes=\"(max-width: 800px) 100vw, 800px\" \/><\/a><\/div><\/div><\/div><br \/>\n\n<style type=\"text\/css\" data-created_by=\"avia_inline_auto\" id=\"style-css-av-kwmbue8b-2be53ef6b181cbf75350f35f6abe9ade\">\n#top .hr.hr-invisible.av-kwmbue8b-2be53ef6b181cbf75350f35f6abe9ade{\nheight:25px;\n}\n<\/style>\n<div  class='hr av-kwmbue8b-2be53ef6b181cbf75350f35f6abe9ade hr-invisible  avia-builder-el-2  el_after_av_image  el_before_av_textblock '><span class='hr-inner '><span class=\"hr-inner-style\"><\/span><\/span><\/div><br \/>\n<section  class='av_textblock_section av-kbihb0gk-78d3301f98f2f60c00fafc455aba9186 '   itemscope=\"itemscope\" itemtype=\"https:\/\/schema.org\/CreativeWork\" ><div class='avia_textblock'  itemprop=\"text\" ><p><b>ACC\u00c8S<\/b><\/p>\n<p>Centre d\u2019histoire orale et de r\u00e9cits num\u00e9ris\u00e9s (CHORN)<br \/>\nUniversit\u00e9 Concordia<br \/>\nPavillon LB, 10\u00e8me \u00e9tage, salle LB-1042<br \/>\n1400 de Maisonneuve Ouest<br \/>\nMontr\u00e9al, QC, Canada<\/p>\n<p>M\u00e9tro Guy-Concordia<br \/>\nBus 24<\/p>\n<p><b>HEURES D&rsquo;OUVERTURE\u00a0<\/b><\/p>\n<p>Lundi: 10h00-16h00<br \/>\nMardi: 10h00-16h00<br \/>\nMercredi: 10h00-16h00<br \/>\nJeudi: 10h00-16h00<br \/>\nVendredi: 10h00-16h00<\/p>\n<p><b>CONTACTS<\/b><\/p>\n<p><u>Renseignements g\u00e9n\u00e9raux<\/u><br \/>\n<a href=\"mailto:cohds.chorn@concordia.ca\">cohds.chorn@concordia.ca<br \/>\n<\/a>514 848 2424 x 5465<\/p>\n<p aria-level=\"2\"><u>Adresse postale<\/u><br \/>\nCentre d&rsquo;histoire orale et de r\u00e9cits num\u00e9ris\u00e9s<br \/>\nLB-1042<br \/>\nUniversit\u00e9 Concordia<br \/>\n1455 de Maisonneuve Ouest<br \/>\nMontr\u00e9al, QC, Canada H3G 1M8<\/p>\n<p><b>\u00c9QUIPE<\/b><\/p>\n<p>Dr. Barbara Lorenzkowski, Co-directeur principal<br \/>\n<a href=\"mailto:barbara.lorenzkowski@concordia.ca\" target=\"_blank\" rel=\"noopener\">barbara.lorenzkowski@concordia.ca<\/a><\/p>\n<p>Dr. Catherine Richardson, Co-directrice<br \/>\n<a href=\"mailto:catherine.richardson@concordia.ca\" target=\"_blank\" rel=\"noopener\">catherine.richardson@concordia.ca<\/a><\/p>\n<p>Dr. Luis Sotelo Castro, Directeur du Laboratoire des actes d&rsquo;\u00e9coute<br \/>\n<a href=\"mailto:luis.sotelo@concordia.ca\">luis.sotelo@concordia.ca<br \/>\n<\/a>514 848 2424 x 4784<\/p>\n<p>M\u00e9lissa-Anne M\u00e9nard, Directrice Adjointe<br \/>\n<a href=\"mailto:cohdscoordinator@concordia.ca\">cohdscoordinator@concordia.ca<br \/>\n<\/a>514 848 2424 x 7920<\/p>\n<p>Eliot Perrin, Coordonnateur des archives<br \/>\n<a href=\"mailto:cohds.chorn.archives@gmail.com\">cohds.chorn.archives@gmail.com<\/a><\/p>\n<p>Andr\u00e9s F. Torres, Coordinateur du laboratoire du CHORN<br \/>\n<a href=\"mailto:cohdslabtech@concordia.ca\">cohdslabtech@concordia.ca<\/a><\/p>\n<p>Ra\u00fal Ruiz de la Orden, Assistante de la Directrice Adjointe<br \/>\n<a href=\"mailto:Cohds.chorn@concordia.ca\">cohds.chorn@concordia.ca<\/a><\/p>\n<\/div><\/section><\/p><\/div>\n","protected":false},"excerpt":{"rendered":"","protected":false},"author":1,"featured_media":0,"parent":0,"menu_order":29,"comment_status":"closed","ping_status":"closed","template":"","meta":{"footnotes":""},"class_list":["post-1522","page","type-page","status-publish","hentry"],"_links":{"self":[{"href":"https:\/\/storytelling.concordia.ca\/fr\/wp-json\/wp\/v2\/pages\/1522","targetHints":{"allow":["GET"]}}],"collection":[{"href":"https:\/\/storytelling.concordia.ca\/fr\/wp-json\/wp\/v2\/pages"}],"about":[{"href":"https:\/\/storytelling.concordia.ca\/fr\/wp-json\/wp\/v2\/types\/page"}],"author":[{"embeddable":true,"href":"https:\/\/storytelling.concordia.ca\/fr\/wp-json\/wp\/v2\/users\/1"}],"replies":[{"embeddable":true,"href":"https:\/\/storytelling.concordia.ca\/fr\/wp-json\/wp\/v2\/comments?post=1522"}],"version-history":[{"count":60,"href":"https:\/\/storytelling.concordia.ca\/fr\/wp-json\/wp\/v2\/pages\/1522\/revisions"}],"predecessor-version":[{"id":21435,"href":"https:\/\/storytelling.concordia.ca\/fr\/wp-json\/wp\/v2\/pages\/1522\/revisions\/21435"}],"wp:attachment":[{"href":"https:\/\/storytelling.concordia.ca\/fr\/wp-json\/wp\/v2\/media?parent=1522"}],"curies":[{"name":"wp","href":"https:\/\/api.w.org\/{rel}","templated":true}]}}