{"id":1517,"date":"2020-06-17T14:18:40","date_gmt":"2020-06-17T18:18:40","guid":{"rendered":"https:\/\/dev.cohds.com\/?page_id=1517"},"modified":"2022-01-27T09:31:28","modified_gmt":"2022-01-27T14:31:28","slug":"community","status":"publish","type":"page","link":"https:\/\/storytelling.concordia.ca\/fr\/community\/","title":{"rendered":"Communaut\u00e9"},"content":{"rendered":"\n<style type=\"text\/css\" data-created_by=\"avia_inline_auto\" id=\"style-css-av-283cp-cebda35a0d43cead7e9adc1e944d3a2d\">\n.flex_column.av-283cp-cebda35a0d43cead7e9adc1e944d3a2d{\nborder-radius:0px 0px 0px 0px;\npadding:0px 0px 0px 0px;\n}\n<\/style>\n<div  class='flex_column av-283cp-cebda35a0d43cead7e9adc1e944d3a2d av_one_fourth  avia-builder-el-0  el_before_av_three_fourth  avia-builder-el-first  first flex_column_div av-zero-column-padding  '     ><\/div>\n\n<style type=\"text\/css\" data-created_by=\"avia_inline_auto\" id=\"style-css-av-1elxl-a8c501240a5b25f22485ac3905a1b946\">\n.flex_column.av-1elxl-a8c501240a5b25f22485ac3905a1b946{\nborder-radius:0px 0px 0px 0px;\npadding:0px 0px 0px 0px;\n}\n<\/style>\n<div  class='flex_column av-1elxl-a8c501240a5b25f22485ac3905a1b946 av_three_fourth  avia-builder-el-1  el_after_av_one_fourth  el_before_av_one_full  flex_column_div av-zero-column-padding  '     ><style type=\"text\/css\" data-created_by=\"avia_inline_auto\" id=\"style-css-av-kbiib5mf-5baad80b8af75279d77f6c48908f248c\">\n.avia-image-container.av-kbiib5mf-5baad80b8af75279d77f6c48908f248c img.avia_image{\nbox-shadow:none;\n}\n.avia-image-container.av-kbiib5mf-5baad80b8af75279d77f6c48908f248c .av-image-caption-overlay-center{\ncolor:#ffffff;\n}\n<\/style>\n<div  class='avia-image-container av-kbiib5mf-5baad80b8af75279d77f6c48908f248c av-styling-no-styling avia-align-center  avia-builder-el-2  avia-builder-el-no-sibling  av-has-copyright av-copyright-always'   itemprop=\"image\" itemscope=\"itemscope\" itemtype=\"https:\/\/schema.org\/ImageObject\" ><div class=\"avia-image-container-inner\"><div class=\"avia-image-overlay-wrap\"><img decoding=\"async\" class='wp-image-8470 avia-img-lazy-loading-not-8470 avia_image ' src=\"https:\/\/storytelling.concordia.ca\/wp-content\/uploads\/2021\/02\/AGA-2019-p-V.-Bulychev-1030x690-1.jpg\" alt='' title='AGA-2019-p-V.-Bulychev-1030x690'  height=\"690\" width=\"1030\"  itemprop=\"thumbnailUrl\" srcset=\"https:\/\/storytelling.concordia.ca\/wp-content\/uploads\/2021\/02\/AGA-2019-p-V.-Bulychev-1030x690-1.jpg 1030w, https:\/\/storytelling.concordia.ca\/wp-content\/uploads\/2021\/02\/AGA-2019-p-V.-Bulychev-1030x690-1-300x201.jpg 300w, https:\/\/storytelling.concordia.ca\/wp-content\/uploads\/2021\/02\/AGA-2019-p-V.-Bulychev-1030x690-1-768x514.jpg 768w, https:\/\/storytelling.concordia.ca\/wp-content\/uploads\/2021\/02\/AGA-2019-p-V.-Bulychev-1030x690-1-705x472.jpg 705w\" sizes=\"(max-width: 1030px) 100vw, 1030px\" \/><\/div><small class=\"avia-copyright\">Assembl\u00e9e G\u00e9n\u00e9rale du CHORN 2019. Photo: Vitalyi Bulychev<\/small><\/div><\/div><\/div>\n\n<style type=\"text\/css\" data-created_by=\"avia_inline_auto\" id=\"style-css-av-ywqd-a9da362356ea1ad51a43060e38200a18\">\n.flex_column.av-ywqd-a9da362356ea1ad51a43060e38200a18{\nborder-radius:0px 0px 0px 0px;\npadding:0px 0px 0px 0px;\n}\n<\/style>\n<div  class='flex_column av-ywqd-a9da362356ea1ad51a43060e38200a18 av_one_full  avia-builder-el-3  el_after_av_three_fourth  avia-builder-el-last  first flex_column_div av-zero-column-padding  column-top-margin'     ><section  class='av_textblock_section av-kbihb0gk-77d502bee485f9a4a86f2960911ef3a4 '   itemscope=\"itemscope\" itemtype=\"https:\/\/schema.org\/CreativeWork\" ><div class='avia_textblock'  itemprop=\"text\" ><p>Le CHORN est fier de compter une communaut\u00e9 active d\u2019environ 300 professeur\u00b7e\u00b7s, \u00e9tudiant\u00b7e\u00b7s, boursier\u00b7\u00e8re\u00b7s postdoctoraux\u00b7ales, artistes et chercheur\u00b7euse\u00b7s invit\u00e9\u00b7e\u00b7s, historien\u00b7ne\u00b7s, artistes, militant\u00b7e\u00b7s et organismes.<\/p>\n<p>Toute personne souhaitant s\u2019affilier au CHORN et \u00e0\u00a0ALLab\u00a0doit lire le document\u00a0<a href=\"http:\/\/storytelling.concordia.ca\/wp-content\/uploads\/2021\/02\/2021-Droits-et-responsabilites-des-affiliees.pdf\">Droits et Responsabilit\u00e9s<\/a>\u00a0et\u00a0remplir\u00a0le\u00a0<a href=\"https:\/\/storytelling.concordia.ca\/fr\/a-propos-de-nous\/devenir-membre\/\">formulaire en ligne<\/a>.\u00a0Les demandes d\u2019affiliation seront d\u2019abord examin\u00e9es par la coordonnatrice principale et m\u00e9diatrice communautaire du Centre avant d\u2019\u00eatre soumises aux codirecteurs. Les codirecteurs pourraient consulter tous\u00b7tes les membres principaux\u00b7ales dans le cas o\u00f9 une personne ferait une demande pour devenir un\u00b7e membre principal\u00b7e du CHORN.<\/p>\n<p>Tous\u00b7tes les affili\u00e9\u00b7e\u00b7s doivent pr\u00e9senter un bref rapport annuel de leurs activit\u00e9s le 15 avril de chaque ann\u00e9e afin d\u2019aider \u00e0 la pr\u00e9paration du rapport annuel du CHORN. Les membres qui n\u2019ont pas \u00e9t\u00e9 actif\u00b7ve\u00b7s dans l\u2019ann\u00e9e pr\u00e9c\u00e9dente seront automatiquement d\u00e9saffili\u00e9\u00b7e\u00b7s, mais pourront pr\u00e9senter une nouvelle demande en tout temps. Les affili\u00e9\u00b7e\u00b7s doivent souligner la contribution du CHORN \u00e0 leurs travaux le cas \u00e9ch\u00e9ant.<\/p>\n<p>Veuillez lire la\u00a0<a href=\"http:\/\/storytelling.concordia.ca\/wp-content\/uploads\/2021\/02\/CHORN-Structure-du-Governance_FR.pdf\">Structure de gouvernance<\/a>\u00a0qui traite du fonctionnement du CHORN et du r\u00f4le des affili\u00e9\u00b7e\u00b7s.<\/p>\n<p><b>STAGES ET B\u00c9N\u00c9VOLAT\u00a0<\/b><\/p>\n<p>Nous accueillons de nombreux\u00b7se\u00b7s stagiaires et b\u00e9n\u00e9voles qui participent aux activit\u00e9s du CHORN tout en b\u00e9n\u00e9ficiant d\u2019un riche contexte de formation et de pratique. Les stages sont ouverts \u00e0 toute personne, \u00e9tudiant\u00b7e ou non, qui souhaite enrichir ses connaissances, participer \u00e0 la vie du Centre et partager ses comp\u00e9tences avec notre \u00e9quipe. La dur\u00e9e du stage et l\u2019horaire de travail est flexible. Les stages ne sont pas r\u00e9mun\u00e9r\u00e9s, mais peuvent \u00eatre cr\u00e9dit\u00e9s par certains programmes universitaires. Des offres de stage sont fr\u00e9quemment affich\u00e9es dans la section\u00a0<a href=\"https:\/\/storytelling.concordia.ca\/fr\/news\/\">Nouvelles<\/a>\u00a0et sur notre\u00a0<a href=\"https:\/\/www.facebook.com\/cohds\/\">page Facebook<\/a>.<\/p>\n<p>Les personnes int\u00e9ress\u00e9es \u00e0 effectuer un stage ou \u00e0 s\u2019impliquer b\u00e9n\u00e9volement avec le Centre sont invit\u00e9es \u00e0 contacter la\u00a0coordonnatrice principale et m\u00e9diatrice communautaire\u00a0(<a href=\"mailto:cohdscoordinator@concordia.ca\">cohdscoordinator@concordia.ca<\/a>).<\/p>\n<\/div><\/section><\/div>\n","protected":false},"excerpt":{"rendered":"","protected":false},"author":1,"featured_media":7140,"parent":0,"menu_order":41,"comment_status":"closed","ping_status":"closed","template":"","meta":{"footnotes":""},"class_list":["post-1517","page","type-page","status-publish","has-post-thumbnail","hentry"],"_links":{"self":[{"href":"https:\/\/storytelling.concordia.ca\/fr\/wp-json\/wp\/v2\/pages\/1517","targetHints":{"allow":["GET"]}}],"collection":[{"href":"https:\/\/storytelling.concordia.ca\/fr\/wp-json\/wp\/v2\/pages"}],"about":[{"href":"https:\/\/storytelling.concordia.ca\/fr\/wp-json\/wp\/v2\/types\/page"}],"author":[{"embeddable":true,"href":"https:\/\/storytelling.concordia.ca\/fr\/wp-json\/wp\/v2\/users\/1"}],"replies":[{"embeddable":true,"href":"https:\/\/storytelling.concordia.ca\/fr\/wp-json\/wp\/v2\/comments?post=1517"}],"version-history":[{"count":26,"href":"https:\/\/storytelling.concordia.ca\/fr\/wp-json\/wp\/v2\/pages\/1517\/revisions"}],"predecessor-version":[{"id":18278,"href":"https:\/\/storytelling.concordia.ca\/fr\/wp-json\/wp\/v2\/pages\/1517\/revisions\/18278"}],"wp:featuredmedia":[{"embeddable":true,"href":"https:\/\/storytelling.concordia.ca\/fr\/wp-json\/wp\/v2\/media\/7140"}],"wp:attachment":[{"href":"https:\/\/storytelling.concordia.ca\/fr\/wp-json\/wp\/v2\/media?parent=1517"}],"curies":[{"name":"wp","href":"https:\/\/api.w.org\/{rel}","templated":true}]}}