{"id":1516,"date":"2020-06-22T17:12:46","date_gmt":"2020-06-22T21:12:46","guid":{"rendered":"https:\/\/dev.cohds.com\/?page_id=1516"},"modified":"2022-04-13T09:52:03","modified_gmt":"2022-04-13T13:52:03","slug":"archives","status":"publish","type":"page","link":"https:\/\/storytelling.concordia.ca\/fr\/archives\/","title":{"rendered":"Archives"},"content":{"rendered":"\n<style type=\"text\/css\" data-created_by=\"avia_inline_auto\" id=\"style-css-av-283cp-cebda35a0d43cead7e9adc1e944d3a2d\">\n.flex_column.av-283cp-cebda35a0d43cead7e9adc1e944d3a2d{\nborder-radius:0px 0px 0px 0px;\npadding:0px 0px 0px 0px;\n}\n<\/style>\n<div  class='flex_column av-283cp-cebda35a0d43cead7e9adc1e944d3a2d av_one_fourth  avia-builder-el-0  el_before_av_three_fourth  avia-builder-el-first  first flex_column_div av-zero-column-padding  '     ><\/div>\n\n<style type=\"text\/css\" data-created_by=\"avia_inline_auto\" id=\"style-css-av-1elxl-a8c501240a5b25f22485ac3905a1b946\">\n.flex_column.av-1elxl-a8c501240a5b25f22485ac3905a1b946{\nborder-radius:0px 0px 0px 0px;\npadding:0px 0px 0px 0px;\n}\n<\/style>\n<div  class='flex_column av-1elxl-a8c501240a5b25f22485ac3905a1b946 av_three_fourth  avia-builder-el-1  el_after_av_one_fourth  el_before_av_one_full  flex_column_div av-zero-column-padding  '     ><style type=\"text\/css\" data-created_by=\"avia_inline_auto\" id=\"style-css-av-kbqqmldh-14dc2569c07caffc2bfb7227474ad099\">\n.avia-image-container.av-kbqqmldh-14dc2569c07caffc2bfb7227474ad099 img.avia_image{\nbox-shadow:none;\n}\n.avia-image-container.av-kbqqmldh-14dc2569c07caffc2bfb7227474ad099 .av-image-caption-overlay-center{\ncolor:#ffffff;\n}\n<\/style>\n<div  class='avia-image-container av-kbqqmldh-14dc2569c07caffc2bfb7227474ad099 av-styling-no-styling avia-align-left  avia-builder-el-2  avia-builder-el-no-sibling  av-has-copyright av-copyright-always'   itemprop=\"image\" itemscope=\"itemscope\" itemtype=\"https:\/\/schema.org\/ImageObject\" ><div class=\"avia-image-container-inner\"><div class=\"avia-image-overlay-wrap\"><img decoding=\"async\" class='wp-image-7359 avia-img-lazy-loading-not-7359 avia_image ' src=\"https:\/\/storytelling.concordia.ca\/wp-content\/uploads\/2020\/12\/Houry-2020-postcard-1030x687.jpg\" alt='' title='Photo by Houry Pilibbossian for Storying Lives, Narrating Histories annual oral history exhibition at the American University of Armenia'  height=\"687\" width=\"1030\"  itemprop=\"thumbnailUrl\" srcset=\"https:\/\/storytelling.concordia.ca\/wp-content\/uploads\/2020\/12\/Houry-2020-postcard-1030x687.jpg 1030w, https:\/\/storytelling.concordia.ca\/wp-content\/uploads\/2020\/12\/Houry-2020-postcard-300x200.jpg 300w, https:\/\/storytelling.concordia.ca\/wp-content\/uploads\/2020\/12\/Houry-2020-postcard-768x512.jpg 768w, https:\/\/storytelling.concordia.ca\/wp-content\/uploads\/2020\/12\/Houry-2020-postcard-1536x1024.jpg 1536w, https:\/\/storytelling.concordia.ca\/wp-content\/uploads\/2020\/12\/Houry-2020-postcard-2048x1365.jpg 2048w, https:\/\/storytelling.concordia.ca\/wp-content\/uploads\/2020\/12\/Houry-2020-postcard-1500x1000.jpg 1500w\" sizes=\"(max-width: 1030px) 100vw, 1030px\" \/><\/div><small class=\"avia-copyright\">Photo by Houry Pilibbossian for Storying Lives, Narrating Histories annual oral history exhibition at the American University of Armenia<\/small><\/div><\/div><\/div>\n\n<style type=\"text\/css\" data-created_by=\"avia_inline_auto\" id=\"style-css-av-ywqd-a9da362356ea1ad51a43060e38200a18\">\n.flex_column.av-ywqd-a9da362356ea1ad51a43060e38200a18{\nborder-radius:0px 0px 0px 0px;\npadding:0px 0px 0px 0px;\n}\n<\/style>\n<div  class='flex_column av-ywqd-a9da362356ea1ad51a43060e38200a18 av_one_full  avia-builder-el-3  el_after_av_three_fourth  avia-builder-el-last  first flex_column_div av-zero-column-padding  column-top-margin'     ><section  class='av_textblock_section av-kbihb0gk-77d502bee485f9a4a86f2960911ef3a4 '   itemscope=\"itemscope\" itemtype=\"https:\/\/schema.org\/CreativeWork\" ><div class='avia_textblock'  itemprop=\"text\" ><p>Le Centre d\u2019histoire orale et de r\u00e9cits num\u00e9ris\u00e9s est un centre de recherche universit\u00e9-communaut\u00e9\u00a0situ\u00e9 \u00e0 l\u2019Universit\u00e9 Concordia, \u00e0 Montr\u00e9al (Canada).\u00a0Le centre abrite des archives contenant plus de 1500\u202fentrevues d\u2019histoire orale\u200b\u200b et\u00a020\u202fcollections\u00a0d\u2019enregistrements\u00a0issus de projets ou\u00a0r\u00e9alis\u00e9s par des chercheur\u00b7euse\u00b7s affili\u00e9\u00b7e\u00b7s\u00a0ou\u00a0des organismes partenaires. La plupart des entrevues sont en fran\u00e7ais ou en anglais, et la majeure partie des documents d\u2019archives sont des dossiers num\u00e9riques.\u00a0Ces enregistrements audio et vid\u00e9o\u00a0abordent, du\u00a0point de vue individuel des personnes\u00a0interview\u00e9es,\u00a0des sujets comme l\u2019histoire urbaine et l\u2019histoire du travail, la migration et l\u2019immigration forc\u00e9es,\u00a0les relations raciales, la guerre, la violence de\u00a0masse\u00a0ainsi que les exp\u00e9riences li\u00e9es au genre, \u00e0 la corpor\u00e9it\u00e9 et \u00e0 la sexualit\u00e9.\u00a0Les archives comptent \u00e9galement un\u00a0nombre croissant d\u2019entrevues qui explorent l\u2019art et la recherche-cr\u00e9ation.<\/p>\n<p>Nos\u00a0archives\u00a0sont conserv\u00e9es\u00a0sur un\u00a0serveur\u00a0distinct de\u00a0celui de l\u2019Universit\u00e9 Concordia afin de\u00a0pr\u00e9server l\u2019anonymat et la vie priv\u00e9e des personnes\u00a0interview\u00e9es.\u00a0En g\u00e9n\u00e9ral, les chercheur\u00b7euse\u00b7s qui utilisent notre collection sont des professeur\u00b7e\u00b7s d\u2019universit\u00e9, des \u00e9tudiant\u00b7e\u00b7s ou des historien\u00b7ne\u00b7s de la communaut\u00e9.\u00a0En vertu de notre mandat, nous encourageons aussi\u00a0les personnes n\u2019appartenant pas au\u00a0milieu universitaire \u00e0 utiliser notre collection.\u00a0Ainsi,\u00a0tout\u00a0membre du public peut demander \u00e0 consulter notre fonds\u00a0documentaire.<\/p>\n<p>Toutefois,\u00a0\u00e9tant donn\u00e9 le caract\u00e8re\u00a0d\u00e9licat\u00a0de certains documents,\u00a0l\u2019acc\u00e8s peut\u00a0\u00eatre\u00a0restreint\u00a0selon le\u00a0document demand\u00e9\u00a0et\u00a0le motif de la demande de consultation. D\u2019abord, toute personne souhaitant acc\u00e9der \u00e0 notre collection doit\u00a0s\u2019engager\u00a0par \u00e9crit\u00a0\u00e0\u00a0respecter les r\u00e8gles\u00a0<a href=\"https:\/\/storytelling.concordia.ca\/fr\/resources\/ethique\/\">d\u2019\u00e9thique<\/a>\u00a0du centre<strong>.<\/strong>\u00a0La principale r\u00e8gle\u00a0d\u2019\u00e9thique\u00a0concerne la\u00a0vie priv\u00e9e\u00a0des personnes\u00a0interview\u00e9es, c\u2019est-\u00e0-dire le niveau de confidentialit\u00e9 que\u00a0chacune d\u2019entre elles\u00a0a\u00a0attribu\u00e9 \u00e0\u00a0ses\u00a0propos ou souvenirs enregistr\u00e9s au moment de la r\u00e9alisation\u00a0de l\u2019entrevue\u00a0(par\u00a0formulaire de consentement)\u00a0ou au moment\u00a0du don de l\u2019entrevue au centre\u00a0(par\u00a0accord de donation). Chaque entrevue archiv\u00e9e au centre se voit attribuer\u00a0un degr\u00e9 de restriction conforme aux souhaits exprim\u00e9s par la\u00a0personne\u00a0interview\u00e9e en mati\u00e8re de confidentialit\u00e9 et d\u2019utilisation\u00a0future.\u00a0L\u2019un des principaux mandats du centre\u00a0est de\u00a0conserver\u00a0et de prot\u00e9ger\u00a0les entrevues donn\u00e9es\u00a0en respectant ces souhaits.\u00a0Par cons\u00e9quent, nous nous r\u00e9servons le droit de refuser l\u2019acc\u00e8s \u00e0 certaines entrevues\u00a0si nous\u00a0le\u00a0jugeons\u00a0n\u00e9cessaire pour\u00a0respecter\u00a0les souhaits des personnes interview\u00e9es.\u00a0L\u2019archiviste du centre est disponible de septembre \u00e0 mai pour aider les chercheur\u00b7euse\u00b7s \u00e0 comprendre\u00a0l\u2019organisation de\u00a0notre collection\u00a0ainsi que les restrictions\u00a0associ\u00e9es aux\u00a0entrevues.\u00a0Visitez\u00a0la page \u00ab\u202f<a href=\"https:\/\/storytelling.concordia.ca\/fr\/resources\/ethique\/\">\u00c9thique<\/a>\u202f\u00bb pour en savoir plus sur\u00a0les mesures que nous prenons pour\u00a0respecter les principes\u00a0d\u2019\u00e9thique et la\u00a0vie priv\u00e9e\u00a0des personnes\u00a0interview\u00e9es.<\/p>\n<p>Ensuite, les chercheur\u00b7euse\u00b7s doivent signer une\u00a0<a href=\"http:\/\/storytelling.concordia.ca\/wp-content\/uploads\/2022\/04\/COHDS-Archival-Access-Agreement_FR.pdf\" target=\"_blank\" rel=\"noopener\">entente d\u2019acc\u00e8s<\/a> en vertu de\u00a0laquelle elles\u00b7ils s\u2019engagent \u00e0\u00a0respecter les conditions ci-dessus avant qu\u2019un acc\u00e8s ne leur soit accord\u00e9.\u00a0Une version t\u00e9l\u00e9chargeable de\u00a0cette\u00a0entente se trouve ci-dessous. Celui-ci\u00a0fournit\u00a0par ailleurs\u00a0des\u00a0renseignements\u00a0plus d\u00e9taill\u00e9s\u00a0sur la fa\u00e7on dont les chercheur\u00b7euse\u00b7s peuvent acc\u00e9der \u00e0 nos documents d\u2019archives.<\/p>\n<p>La collection d\u2019archives\u00a0du\u00a0Centre d\u2019histoire orale et de r\u00e9cits num\u00e9ris\u00e9s\u00a0est\u00a0actuellement\u00a0accessible par rendez-vous au centre, situ\u00e9 au campus du centre-ville de l\u2019Universit\u00e9 Concordia\u00a0(pavillon\u00a0John-W.-McConnell, 10e\u202f\u00e9tage,\u00a0salle\u00a0LB-1042, 1400, boul.\u00a0De Maisonneuve\u00a0Ouest, Montr\u00e9al).\u00a0Les personnes souhaitant consulter notre collection sont d\u2019abord invit\u00e9es \u00e0 se familiariser avec la\u00a0<a href=\"https:\/\/storytelling.concordia.ca\/fr\/archives\/collections\/\">collection<\/a>\u00a0du centre\u00a0et \u00e0 communiquer avec l\u2019archiviste afin d\u2019entamer leur processus de recherche.\u00a0Consultez \u00e0 cette fin\u00a0l\u2019onglet \u00ab\u00a0<a href=\"https:\/\/storytelling.concordia.ca\/fr\/contact\/\">Nous joindre<\/a>. \u00bb<\/p>\n<p>Certaines entrevues ont \u00e9t\u00e9 mises en ligne sur notre\u00a0<a href=\"https:\/\/vimeo.com\/user125144871\">cha\u00eene Vimeo<\/a>. Veuillez consulter l\u2019aper\u00e7u des fonds d\u2019archives dans l\u2019onglet\u00a0<a href=\"https:\/\/storytelling.concordia.ca\/fr\/archives\/collections\/\">Collections<\/a>\u00a0pour voir lesquelles ont actuellement des entrevues disponibles pour consultation en ligne. Veuillez noter que ces entretiens sont prot\u00e9g\u00e9s par mot de passe. L\u2019acc\u00e8s est accord\u00e9 apr\u00e8s avoir contact\u00e9 l\u2019archiviste.<\/p>\n<p><a href=\"http:\/\/storytelling.concordia.ca\/wp-content\/uploads\/2022\/04\/COHDS-Archival-Access-Agreement_FR.pdf\" target=\"_blank\" rel=\"noopener\">Entente d&rsquo;acc\u00e8s CHORN<\/a><\/p>\n<\/div><\/section><\/div>\n","protected":false},"excerpt":{"rendered":"","protected":false},"author":1,"featured_media":7359,"parent":0,"menu_order":21,"comment_status":"closed","ping_status":"closed","template":"","meta":{"footnotes":""},"class_list":["post-1516","page","type-page","status-publish","has-post-thumbnail","hentry"],"_links":{"self":[{"href":"https:\/\/storytelling.concordia.ca\/fr\/wp-json\/wp\/v2\/pages\/1516","targetHints":{"allow":["GET"]}}],"collection":[{"href":"https:\/\/storytelling.concordia.ca\/fr\/wp-json\/wp\/v2\/pages"}],"about":[{"href":"https:\/\/storytelling.concordia.ca\/fr\/wp-json\/wp\/v2\/types\/page"}],"author":[{"embeddable":true,"href":"https:\/\/storytelling.concordia.ca\/fr\/wp-json\/wp\/v2\/users\/1"}],"replies":[{"embeddable":true,"href":"https:\/\/storytelling.concordia.ca\/fr\/wp-json\/wp\/v2\/comments?post=1516"}],"version-history":[{"count":25,"href":"https:\/\/storytelling.concordia.ca\/fr\/wp-json\/wp\/v2\/pages\/1516\/revisions"}],"predecessor-version":[{"id":21755,"href":"https:\/\/storytelling.concordia.ca\/fr\/wp-json\/wp\/v2\/pages\/1516\/revisions\/21755"}],"wp:featuredmedia":[{"embeddable":true,"href":"https:\/\/storytelling.concordia.ca\/fr\/wp-json\/wp\/v2\/media\/7359"}],"wp:attachment":[{"href":"https:\/\/storytelling.concordia.ca\/fr\/wp-json\/wp\/v2\/media?parent=1516"}],"curies":[{"name":"wp","href":"https:\/\/api.w.org\/{rel}","templated":true}]}}