{"id":1515,"date":"2020-06-22T16:50:30","date_gmt":"2020-06-22T20:50:30","guid":{"rendered":"https:\/\/dev.cohds.com\/?page_id=1515"},"modified":"2021-11-02T11:31:19","modified_gmt":"2021-11-02T15:31:19","slug":"equipe","status":"publish","type":"page","link":"https:\/\/storytelling.concordia.ca\/fr\/a-propos-de-nous\/staff-administration-and-governance\/equipe\/","title":{"rendered":"\u00c9quipe"},"content":{"rendered":"<div  data-slideshow-options=\"{&quot;animation&quot;:&quot;fade&quot;,&quot;autoplay&quot;:false,&quot;loop_autoplay&quot;:&quot;once&quot;,&quot;interval&quot;:5,&quot;loop_manual&quot;:&quot;manual-endless&quot;,&quot;autoplay_stopper&quot;:false,&quot;noNavigation&quot;:false,&quot;show_slide_delay&quot;:90}\" class='avia-content-slider avia-content-grid-active avia-content-slider1 avia-content-slider-even  avia-builder-el-0  avia-builder-el-no-sibling  team_grid av-slideshow-ui av-control-default   av-no-slider-navigation av-slideshow-manual av-loop-once av-loop-manual-endless '  itemscope=\"itemscope\" itemtype=\"https:\/\/schema.org\/Blog\" ><div class=\"avia-content-slider-inner\"><div class=\"slide-entry-wrap\"><article class='slide-entry flex_column  post-entry post-entry-21307 slide-entry-overview slide-loop-1 slide-parity-odd  av_one_fourth first real-thumbnail posttype-post post-format-standard'  itemscope=\"itemscope\" itemtype=\"https:\/\/schema.org\/CreativeWork\" ><a href='https:\/\/storytelling.concordia.ca\/fr\/andres-f-torres\/' data-rel='slide-1' class='slide-image' title='Andr\u00e9s F. Torres'><img decoding=\"async\" width=\"260\" height=\"185\" src=\"https:\/\/storytelling.concordia.ca\/wp-content\/uploads\/2024\/10\/frankie-2-260x185.jpg\" class=\"wp-image-24118 avia-img-lazy-loading-not-24118 attachment-portfolio_small size-portfolio_small wp-post-image\" alt=\"\" \/><\/a><div class=\"slide-content\"><header class=\"entry-content-header\"><h3 class='slide-entry-title entry-title '  itemprop=\"headline\" ><a href='https:\/\/storytelling.concordia.ca\/fr\/andres-f-torres\/' title='Andr\u00e9s F. Torres'>Andr\u00e9s F. Torres<\/a><\/h3><span class=\"av-vertical-delimiter\"><\/span><\/header><div class=\"slide-meta\"><time class='slide-meta-time updated'  itemprop=\"datePublished\" datetime=\"2024-10-24T10:26:04-04:00\" >24 octobre 2024<\/time><\/div><div class='slide-entry-excerpt entry-content'  itemprop=\"text\" >Coordinateur technique<\/div><\/div><footer class=\"entry-footer\"><\/footer><span class='hidden'>\n\t\t\t\t<span class='av-structured-data'  itemprop=\"image\" itemscope=\"itemscope\" itemtype=\"https:\/\/schema.org\/ImageObject\" >\n\t\t\t\t\t\t<span itemprop='url'>https:\/\/storytelling.concordia.ca\/wp-content\/uploads\/2024\/10\/frankie-2.jpg<\/span>\n\t\t\t\t\t\t<span itemprop='height'>1228<\/span>\n\t\t\t\t\t\t<span itemprop='width'>1005<\/span>\n\t\t\t\t<\/span>\n\t\t\t\t<span class='av-structured-data'  itemprop=\"publisher\" itemtype=\"https:\/\/schema.org\/Organization\" itemscope=\"itemscope\" >\n\t\t\t\t\t\t<span itemprop='name'>COHDS<\/span>\n\t\t\t\t\t\t<span itemprop='logo' itemscope itemtype='https:\/\/schema.org\/ImageObject'>\n\t\t\t\t\t\t\t<span itemprop='url'>http:\/\/storytelling.concordia.ca\/wp-content\/uploads\/2024\/04\/Frame-1-1COHDS-logo-2024-300x36.png<\/span>\n\t\t\t\t\t\t<\/span>\n\t\t\t\t<\/span><span class='av-structured-data'  itemprop=\"author\" itemscope=\"itemscope\" itemtype=\"https:\/\/schema.org\/Person\" ><span itemprop='name'>COHDS<\/span><\/span><span class='av-structured-data'  itemprop=\"datePublished\" datetime=\"2020-06-22T16:50:30-04:00\" >2024-10-24 10:26:04<\/span><span class='av-structured-data'  itemprop=\"dateModified\" itemtype=\"https:\/\/schema.org\/dateModified\" >2025-05-22 14:06:12<\/span><span class='av-structured-data'  itemprop=\"mainEntityOfPage\" itemtype=\"https:\/\/schema.org\/mainEntityOfPage\" ><span itemprop='name'>Andr\u00e9s F. Torres<\/span><\/span><\/span><\/article><article class='slide-entry flex_column  post-entry post-entry-3021 slide-entry-overview slide-loop-2 slide-parity-even  av_one_fourth  real-thumbnail posttype-post post-format-standard'  itemscope=\"itemscope\" itemtype=\"https:\/\/schema.org\/CreativeWork\" ><a href='https:\/\/storytelling.concordia.ca\/fr\/barbara-lorenzkowski\/' data-rel='slide-1' class='slide-image' title='Barbara Lorenzkowski'><img decoding=\"async\" width=\"260\" height=\"185\" src=\"https:\/\/storytelling.concordia.ca\/wp-content\/uploads\/2020\/06\/lorenzkowskibarbara-260x185.jpg\" class=\"wp-image-16883 avia-img-lazy-loading-not-16883 attachment-portfolio_small size-portfolio_small wp-post-image\" alt=\"\" \/><\/a><div class=\"slide-content\"><header class=\"entry-content-header\"><h3 class='slide-entry-title entry-title '  itemprop=\"headline\" ><a href='https:\/\/storytelling.concordia.ca\/fr\/barbara-lorenzkowski\/' title='Barbara Lorenzkowski'>Barbara Lorenzkowski<\/a><\/h3><span class=\"av-vertical-delimiter\"><\/span><\/header><div class=\"slide-meta\"><time class='slide-meta-time updated'  itemprop=\"datePublished\" datetime=\"2020-06-26T18:06:51-04:00\" >26 juin 2020<\/time><div class=\"slide-meta-del\">\/<\/div><div class=\"slide-meta-comments\"><a href='https:\/\/storytelling.concordia.ca\/fr\/barbara-lorenzkowski\/#respond'>0 Commentaires<\/a><\/div><\/div><div class='slide-entry-excerpt entry-content'  itemprop=\"text\" >Co-directrice principale du CHORN<\/div><\/div><footer class=\"entry-footer\"><\/footer><span class='hidden'>\n\t\t\t\t<span class='av-structured-data'  itemprop=\"image\" itemscope=\"itemscope\" itemtype=\"https:\/\/schema.org\/ImageObject\" >\n\t\t\t\t\t\t<span itemprop='url'>https:\/\/storytelling.concordia.ca\/wp-content\/uploads\/2020\/06\/lorenzkowskibarbara.jpg<\/span>\n\t\t\t\t\t\t<span itemprop='height'>675<\/span>\n\t\t\t\t\t\t<span itemprop='width'>900<\/span>\n\t\t\t\t<\/span>\n\t\t\t\t<span class='av-structured-data'  itemprop=\"publisher\" itemtype=\"https:\/\/schema.org\/Organization\" itemscope=\"itemscope\" >\n\t\t\t\t\t\t<span itemprop='name'>COHDS<\/span>\n\t\t\t\t\t\t<span itemprop='logo' itemscope itemtype='https:\/\/schema.org\/ImageObject'>\n\t\t\t\t\t\t\t<span itemprop='url'>http:\/\/storytelling.concordia.ca\/wp-content\/uploads\/2024\/04\/Frame-1-1COHDS-logo-2024-300x36.png<\/span>\n\t\t\t\t\t\t<\/span>\n\t\t\t\t<\/span><span class='av-structured-data'  itemprop=\"author\" itemscope=\"itemscope\" itemtype=\"https:\/\/schema.org\/Person\" ><span itemprop='name'>COHDS<\/span><\/span><span class='av-structured-data'  itemprop=\"datePublished\" datetime=\"2020-06-22T16:50:30-04:00\" >2020-06-26 18:06:51<\/span><span class='av-structured-data'  itemprop=\"dateModified\" itemtype=\"https:\/\/schema.org\/dateModified\" >2023-07-04 10:25:54<\/span><span class='av-structured-data'  itemprop=\"mainEntityOfPage\" itemtype=\"https:\/\/schema.org\/mainEntityOfPage\" ><span itemprop='name'>Barbara Lorenzkowski<\/span><\/span><\/span><\/article><article class='slide-entry flex_column  post-entry post-entry-23191 slide-entry-overview slide-loop-3 slide-parity-odd  av_one_fourth  real-thumbnail posttype-post post-format-standard'  itemscope=\"itemscope\" itemtype=\"https:\/\/schema.org\/CreativeWork\" ><a href='https:\/\/storytelling.concordia.ca\/fr\/felicite-couelle-brunet\/' data-rel='slide-1' class='slide-image' title='F\u00e9licit\u00e9 Cou\u00eblle-Brunet'><img decoding=\"async\" width=\"260\" height=\"185\" src=\"https:\/\/storytelling.concordia.ca\/wp-content\/uploads\/2025\/05\/Peachy_Photo-260x185.jpeg\" class=\"wp-image-23189 avia-img-lazy-loading-not-23189 attachment-portfolio_small size-portfolio_small wp-post-image\" alt=\"\" \/><\/a><div class=\"slide-content\"><header class=\"entry-content-header\"><h3 class='slide-entry-title entry-title '  itemprop=\"headline\" ><a href='https:\/\/storytelling.concordia.ca\/fr\/felicite-couelle-brunet\/' title='F\u00e9licit\u00e9 Cou\u00eblle-Brunet'>F\u00e9licit\u00e9 Cou\u00eblle-Brunet<\/a><\/h3><span class=\"av-vertical-delimiter\"><\/span><\/header><div class=\"slide-meta\"><time class='slide-meta-time updated'  itemprop=\"datePublished\" datetime=\"2025-05-22T13:34:11-04:00\" >22 mai 2025<\/time><\/div><div class='slide-entry-excerpt entry-content'  itemprop=\"text\" >Assistante \u00e0 la Directrice Adjointe<\/div><\/div><footer class=\"entry-footer\"><\/footer><span class='hidden'>\n\t\t\t\t<span class='av-structured-data'  itemprop=\"image\" itemscope=\"itemscope\" itemtype=\"https:\/\/schema.org\/ImageObject\" >\n\t\t\t\t\t\t<span itemprop='url'>https:\/\/storytelling.concordia.ca\/wp-content\/uploads\/2025\/05\/Peachy_Photo.jpeg<\/span>\n\t\t\t\t\t\t<span itemprop='height'>1000<\/span>\n\t\t\t\t\t\t<span itemprop='width'>750<\/span>\n\t\t\t\t<\/span>\n\t\t\t\t<span class='av-structured-data'  itemprop=\"publisher\" itemtype=\"https:\/\/schema.org\/Organization\" itemscope=\"itemscope\" >\n\t\t\t\t\t\t<span itemprop='name'>COHDS<\/span>\n\t\t\t\t\t\t<span itemprop='logo' itemscope itemtype='https:\/\/schema.org\/ImageObject'>\n\t\t\t\t\t\t\t<span itemprop='url'>http:\/\/storytelling.concordia.ca\/wp-content\/uploads\/2024\/04\/Frame-1-1COHDS-logo-2024-300x36.png<\/span>\n\t\t\t\t\t\t<\/span>\n\t\t\t\t<\/span><span class='av-structured-data'  itemprop=\"author\" itemscope=\"itemscope\" itemtype=\"https:\/\/schema.org\/Person\" ><span itemprop='name'>COHDS<\/span><\/span><span class='av-structured-data'  itemprop=\"datePublished\" datetime=\"2020-06-22T16:50:30-04:00\" >2025-05-22 13:34:11<\/span><span class='av-structured-data'  itemprop=\"dateModified\" itemtype=\"https:\/\/schema.org\/dateModified\" >2025-06-11 12:46:21<\/span><span class='av-structured-data'  itemprop=\"mainEntityOfPage\" itemtype=\"https:\/\/schema.org\/mainEntityOfPage\" ><span itemprop='name'>F\u00e9licit\u00e9 Cou\u00eblle-Brunet<\/span><\/span><\/span><\/article><article class='slide-entry flex_column  post-entry post-entry-18834 slide-entry-overview slide-loop-4 slide-parity-even  av_one_fourth  real-thumbnail posttype-post post-format-standard'  itemscope=\"itemscope\" itemtype=\"https:\/\/schema.org\/CreativeWork\" ><a href='https:\/\/storytelling.concordia.ca\/fr\/melissa-anne-menard\/' data-rel='slide-1' class='slide-image' title='M\u00e9lissa-Anne M\u00e9nard'><img decoding=\"async\" width=\"260\" height=\"185\" src=\"https:\/\/storytelling.concordia.ca\/wp-content\/uploads\/2023\/08\/d6b9154e-3135-4071-91a1-c61f01e29eef-260x185.jpg\" class=\"wp-image-24122 avia-img-lazy-loading-not-24122 attachment-portfolio_small size-portfolio_small wp-post-image\" alt=\"\" \/><\/a><div class=\"slide-content\"><header class=\"entry-content-header\"><h3 class='slide-entry-title entry-title '  itemprop=\"headline\" ><a href='https:\/\/storytelling.concordia.ca\/fr\/melissa-anne-menard\/' title='M\u00e9lissa-Anne M\u00e9nard'>M\u00e9lissa-Anne M\u00e9nard<\/a><\/h3><span class=\"av-vertical-delimiter\"><\/span><\/header><div class=\"slide-meta\"><time class='slide-meta-time updated'  itemprop=\"datePublished\" datetime=\"2023-08-21T13:59:17-04:00\" >21 ao\u00fbt 2023<\/time><\/div><div class='slide-entry-excerpt entry-content'  itemprop=\"text\" >Directrice Adjointe, Ex-Officio<\/div><\/div><footer class=\"entry-footer\"><\/footer><span class='hidden'>\n\t\t\t\t<span class='av-structured-data'  itemprop=\"image\" itemscope=\"itemscope\" itemtype=\"https:\/\/schema.org\/ImageObject\" >\n\t\t\t\t\t\t<span itemprop='url'>https:\/\/storytelling.concordia.ca\/wp-content\/uploads\/2023\/08\/d6b9154e-3135-4071-91a1-c61f01e29eef.jpg<\/span>\n\t\t\t\t\t\t<span itemprop='height'>412<\/span>\n\t\t\t\t\t\t<span itemprop='width'>412<\/span>\n\t\t\t\t<\/span>\n\t\t\t\t<span class='av-structured-data'  itemprop=\"publisher\" itemtype=\"https:\/\/schema.org\/Organization\" itemscope=\"itemscope\" >\n\t\t\t\t\t\t<span itemprop='name'>COHDS<\/span>\n\t\t\t\t\t\t<span itemprop='logo' itemscope itemtype='https:\/\/schema.org\/ImageObject'>\n\t\t\t\t\t\t\t<span itemprop='url'>http:\/\/storytelling.concordia.ca\/wp-content\/uploads\/2024\/04\/Frame-1-1COHDS-logo-2024-300x36.png<\/span>\n\t\t\t\t\t\t<\/span>\n\t\t\t\t<\/span><span class='av-structured-data'  itemprop=\"author\" itemscope=\"itemscope\" itemtype=\"https:\/\/schema.org\/Person\" ><span itemprop='name'>COHDS<\/span><\/span><span class='av-structured-data'  itemprop=\"datePublished\" datetime=\"2020-06-22T16:50:30-04:00\" >2023-08-21 13:59:17<\/span><span class='av-structured-data'  itemprop=\"dateModified\" itemtype=\"https:\/\/schema.org\/dateModified\" >2024-10-23 10:12:58<\/span><span class='av-structured-data'  itemprop=\"mainEntityOfPage\" itemtype=\"https:\/\/schema.org\/mainEntityOfPage\" ><span itemprop='name'>M\u00e9lissa-Anne M\u00e9nard<\/span><\/span><\/span><\/article><\/div><div class=\"slide-entry-wrap\"><article class='slide-entry flex_column  post-entry post-entry-20863 slide-entry-overview slide-loop-5 slide-parity-odd  av_one_fourth first real-thumbnail posttype-post post-format-standard'  itemscope=\"itemscope\" itemtype=\"https:\/\/schema.org\/CreativeWork\" ><a href='https:\/\/storytelling.concordia.ca\/fr\/annie-thao-vy-nguyen\/' data-rel='slide-1' class='slide-image' title='Rachel Millette'><img decoding=\"async\" width=\"260\" height=\"185\" src=\"https:\/\/storytelling.concordia.ca\/wp-content\/uploads\/2024\/09\/Screenshot_20260209_115125_Gallery-260x185.jpg\" class=\"wp-image-25327 avia-img-lazy-loading-not-25327 attachment-portfolio_small size-portfolio_small wp-post-image\" alt=\"\" \/><\/a><div class=\"slide-content\"><header class=\"entry-content-header\"><h3 class='slide-entry-title entry-title '  itemprop=\"headline\" ><a href='https:\/\/storytelling.concordia.ca\/fr\/annie-thao-vy-nguyen\/' title='Rachel Millette'>Rachel Millette<\/a><\/h3><span class=\"av-vertical-delimiter\"><\/span><\/header><div class=\"slide-meta\"><time class='slide-meta-time updated'  itemprop=\"datePublished\" datetime=\"2024-09-18T13:39:50-04:00\" >18 septembre 2024<\/time><\/div><div class='slide-entry-excerpt entry-content'  itemprop=\"text\" >Assistant.e d\u2019exposition<\/div><\/div><footer class=\"entry-footer\"><\/footer><span class='hidden'>\n\t\t\t\t<span class='av-structured-data'  itemprop=\"image\" itemscope=\"itemscope\" itemtype=\"https:\/\/schema.org\/ImageObject\" >\n\t\t\t\t\t\t<span itemprop='url'>https:\/\/storytelling.concordia.ca\/wp-content\/uploads\/2024\/09\/Screenshot_20260209_115125_Gallery.jpg<\/span>\n\t\t\t\t\t\t<span itemprop='height'>471<\/span>\n\t\t\t\t\t\t<span itemprop='width'>354<\/span>\n\t\t\t\t<\/span>\n\t\t\t\t<span class='av-structured-data'  itemprop=\"publisher\" itemtype=\"https:\/\/schema.org\/Organization\" itemscope=\"itemscope\" >\n\t\t\t\t\t\t<span itemprop='name'>COHDS<\/span>\n\t\t\t\t\t\t<span itemprop='logo' itemscope itemtype='https:\/\/schema.org\/ImageObject'>\n\t\t\t\t\t\t\t<span itemprop='url'>http:\/\/storytelling.concordia.ca\/wp-content\/uploads\/2024\/04\/Frame-1-1COHDS-logo-2024-300x36.png<\/span>\n\t\t\t\t\t\t<\/span>\n\t\t\t\t<\/span><span class='av-structured-data'  itemprop=\"author\" itemscope=\"itemscope\" itemtype=\"https:\/\/schema.org\/Person\" ><span itemprop='name'>COHDS<\/span><\/span><span class='av-structured-data'  itemprop=\"datePublished\" datetime=\"2020-06-22T16:50:30-04:00\" >2024-09-18 13:39:50<\/span><span class='av-structured-data'  itemprop=\"dateModified\" itemtype=\"https:\/\/schema.org\/dateModified\" >2026-02-11 15:03:46<\/span><span class='av-structured-data'  itemprop=\"mainEntityOfPage\" itemtype=\"https:\/\/schema.org\/mainEntityOfPage\" ><span itemprop='name'>Rachel Millette<\/span><\/span><\/span><\/article><article class='slide-entry flex_column  post-entry post-entry-22597 slide-entry-overview slide-loop-6 slide-parity-even  post-entry-last  av_one_fourth  real-thumbnail posttype-post post-format-standard'  itemscope=\"itemscope\" itemtype=\"https:\/\/schema.org\/CreativeWork\" ><a href='https:\/\/storytelling.concordia.ca\/fr\/sonya-di-sclafani\/' data-rel='slide-1' class='slide-image' title='Sonya Di Sclafani'><img decoding=\"async\" width=\"260\" height=\"185\" src=\"https:\/\/storytelling.concordia.ca\/wp-content\/uploads\/2025\/03\/IMG_2761-260x185.jpeg\" class=\"wp-image-23720 avia-img-lazy-loading-not-23720 attachment-portfolio_small size-portfolio_small wp-post-image\" alt=\"\" \/><\/a><div class=\"slide-content\"><header class=\"entry-content-header\"><h3 class='slide-entry-title entry-title '  itemprop=\"headline\" ><a href='https:\/\/storytelling.concordia.ca\/fr\/sonya-di-sclafani\/' title='Sonya Di Sclafani'>Sonya Di Sclafani<\/a><\/h3><span class=\"av-vertical-delimiter\"><\/span><\/header><div class=\"slide-meta\"><time class='slide-meta-time updated'  itemprop=\"datePublished\" datetime=\"2025-03-10T10:48:14-04:00\" >10 mars 2025<\/time><\/div><div class='slide-entry-excerpt entry-content'  itemprop=\"text\" >Coordinatrice des archives<\/div><\/div><footer class=\"entry-footer\"><\/footer><span class='hidden'>\n\t\t\t\t<span class='av-structured-data'  itemprop=\"image\" itemscope=\"itemscope\" itemtype=\"https:\/\/schema.org\/ImageObject\" >\n\t\t\t\t\t\t<span itemprop='url'>https:\/\/storytelling.concordia.ca\/wp-content\/uploads\/2025\/03\/IMG_2761.jpeg<\/span>\n\t\t\t\t\t\t<span itemprop='height'>1536<\/span>\n\t\t\t\t\t\t<span itemprop='width'>2048<\/span>\n\t\t\t\t<\/span>\n\t\t\t\t<span class='av-structured-data'  itemprop=\"publisher\" itemtype=\"https:\/\/schema.org\/Organization\" itemscope=\"itemscope\" >\n\t\t\t\t\t\t<span itemprop='name'>COHDS<\/span>\n\t\t\t\t\t\t<span itemprop='logo' itemscope itemtype='https:\/\/schema.org\/ImageObject'>\n\t\t\t\t\t\t\t<span itemprop='url'>http:\/\/storytelling.concordia.ca\/wp-content\/uploads\/2024\/04\/Frame-1-1COHDS-logo-2024-300x36.png<\/span>\n\t\t\t\t\t\t<\/span>\n\t\t\t\t<\/span><span class='av-structured-data'  itemprop=\"author\" itemscope=\"itemscope\" itemtype=\"https:\/\/schema.org\/Person\" ><span itemprop='name'>COHDS<\/span><\/span><span class='av-structured-data'  itemprop=\"datePublished\" datetime=\"2020-06-22T16:50:30-04:00\" >2025-03-10 10:48:14<\/span><span class='av-structured-data'  itemprop=\"dateModified\" itemtype=\"https:\/\/schema.org\/dateModified\" >2025-05-22 14:22:03<\/span><span class='av-structured-data'  itemprop=\"mainEntityOfPage\" itemtype=\"https:\/\/schema.org\/mainEntityOfPage\" ><span itemprop='name'>Sonya Di Sclafani<\/span><\/span><\/span><\/article><\/div><\/div><\/div>\n","protected":false},"excerpt":{"rendered":"","protected":false},"author":1,"featured_media":0,"parent":1509,"menu_order":34,"comment_status":"closed","ping_status":"closed","template":"","meta":{"footnotes":""},"class_list":["post-1515","page","type-page","status-publish","hentry"],"_links":{"self":[{"href":"https:\/\/storytelling.concordia.ca\/fr\/wp-json\/wp\/v2\/pages\/1515","targetHints":{"allow":["GET"]}}],"collection":[{"href":"https:\/\/storytelling.concordia.ca\/fr\/wp-json\/wp\/v2\/pages"}],"about":[{"href":"https:\/\/storytelling.concordia.ca\/fr\/wp-json\/wp\/v2\/types\/page"}],"author":[{"embeddable":true,"href":"https:\/\/storytelling.concordia.ca\/fr\/wp-json\/wp\/v2\/users\/1"}],"replies":[{"embeddable":true,"href":"https:\/\/storytelling.concordia.ca\/fr\/wp-json\/wp\/v2\/comments?post=1515"}],"version-history":[{"count":13,"href":"https:\/\/storytelling.concordia.ca\/fr\/wp-json\/wp\/v2\/pages\/1515\/revisions"}],"predecessor-version":[{"id":22186,"href":"https:\/\/storytelling.concordia.ca\/fr\/wp-json\/wp\/v2\/pages\/1515\/revisions\/22186"}],"up":[{"embeddable":true,"href":"https:\/\/storytelling.concordia.ca\/fr\/wp-json\/wp\/v2\/pages\/1509"}],"wp:attachment":[{"href":"https:\/\/storytelling.concordia.ca\/fr\/wp-json\/wp\/v2\/media?parent=1515"}],"curies":[{"name":"wp","href":"https:\/\/api.w.org\/{rel}","templated":true}]}}