{"id":1490,"date":"2020-06-22T16:48:48","date_gmt":"2020-06-22T20:48:48","guid":{"rendered":"https:\/\/dev.cohds.com\/?page_id=1490"},"modified":"2024-04-04T11:25:09","modified_gmt":"2024-04-04T15:25:09","slug":"a-propos-de-nous","status":"publish","type":"page","link":"https:\/\/storytelling.concordia.ca\/fr\/a-propos-de-nous\/","title":{"rendered":"\u00c0 propos de nous"},"content":{"rendered":"\n<style type=\"text\/css\" data-created_by=\"avia_inline_auto\" id=\"style-css-av-283cp-cebda35a0d43cead7e9adc1e944d3a2d\">\n.flex_column.av-283cp-cebda35a0d43cead7e9adc1e944d3a2d{\nborder-radius:0px 0px 0px 0px;\npadding:0px 0px 0px 0px;\n}\n<\/style>\n<div  class='flex_column av-283cp-cebda35a0d43cead7e9adc1e944d3a2d av_one_fourth  avia-builder-el-0  el_before_av_three_fourth  avia-builder-el-first  first flex_column_div av-zero-column-padding  '     ><\/div>\n\n<style type=\"text\/css\" data-created_by=\"avia_inline_auto\" id=\"style-css-av-1elxl-a8c501240a5b25f22485ac3905a1b946\">\n.flex_column.av-1elxl-a8c501240a5b25f22485ac3905a1b946{\nborder-radius:0px 0px 0px 0px;\npadding:0px 0px 0px 0px;\n}\n<\/style>\n<div  class='flex_column av-1elxl-a8c501240a5b25f22485ac3905a1b946 av_three_fourth  avia-builder-el-1  el_after_av_one_fourth  el_before_av_one_full  flex_column_div av-zero-column-padding  '     ><style type=\"text\/css\" data-created_by=\"avia_inline_auto\" id=\"style-css-av-kbqqmldh-2e03f4a815abb75943918981cd345ad6\">\n.avia-image-container.av-kbqqmldh-2e03f4a815abb75943918981cd345ad6 img.avia_image{\nbox-shadow:none;\n}\n.avia-image-container.av-kbqqmldh-2e03f4a815abb75943918981cd345ad6 .av-image-caption-overlay-center{\ncolor:#ffffff;\n}\n<\/style>\n<div  class='avia-image-container av-kbqqmldh-2e03f4a815abb75943918981cd345ad6 av-styling-no-styling avia-align-left  avia-builder-el-2  avia-builder-el-no-sibling  av-has-copyright av-copyright-always'   itemprop=\"image\" itemscope=\"itemscope\" itemtype=\"https:\/\/schema.org\/ImageObject\" ><div class=\"avia-image-container-inner\"><div class=\"avia-image-overlay-wrap\"><img decoding=\"async\" class='wp-image-7351 avia-img-lazy-loading-not-7351 avia_image ' src=\"https:\/\/storytelling.concordia.ca\/wp-content\/uploads\/2020\/12\/PAGE-Rwanda_DavidWardphoto.jpg\" alt='Lisa Ndejuru and Didacienne Nibagwire \u2013 Kigali-based actor and 1994 genocide survivor \u2013 perform at their main stage event at the 2019 Ubumuntu Arts Festival at the amphitheatre on the grounds of Rwanda&#039;s Gisozi National Genocide Memorial. Their multilingual spoken word piece, created collaboratively at the festival, weaves together an ancient origin story from Rwandan oral tradition and their own life stories of trauma and resilience. December 2019, Photo: David Ward' title='Lisa Ndejuru and Didacienne Nibagwire \u2013 Kigali-based actor and 1994 genocide survivor \u2013 perform at their main stage event at the 2019 Ubumuntu Arts Festival at the ampitheatre on the grounds of Rwanda&#039;s Gisozi National Genocide Memorial. Their multilingual spoken word piece, created collaboratively at the festival, weaves together an ancient origin story from Rwandan oral tradition and their own life stories of trauma and resilience. December 2019, Photo: David Ward.'  height=\"506\" width=\"900\"  itemprop=\"thumbnailUrl\" srcset=\"https:\/\/storytelling.concordia.ca\/wp-content\/uploads\/2020\/12\/PAGE-Rwanda_DavidWardphoto.jpg 900w, https:\/\/storytelling.concordia.ca\/wp-content\/uploads\/2020\/12\/PAGE-Rwanda_DavidWardphoto-300x169.jpg 300w, https:\/\/storytelling.concordia.ca\/wp-content\/uploads\/2020\/12\/PAGE-Rwanda_DavidWardphoto-768x432.jpg 768w, https:\/\/storytelling.concordia.ca\/wp-content\/uploads\/2020\/12\/PAGE-Rwanda_DavidWardphoto-705x396.jpg 705w\" sizes=\"(max-width: 900px) 100vw, 900px\" \/><\/div><small class=\"avia-copyright\">Lisa Ndejuru and Didacienne Nibagwire \u2013 Kigali-based actor and 1994 genocide survivor \u2013 perform at their main stage event at the 2019 Ubumuntu Arts Festival at the ampitheatre on the grounds of Rwanda&#039;s Gisozi National Genocide Memorial. Their multilingual spoken word piece, created collaboratively at the festival, weaves together an ancient origin story from Rwandan oral tradition and their own life stories of trauma and resilience. December 2019, Photo: David Ward.<\/small><\/div><\/div><\/div>\n\n<style type=\"text\/css\" data-created_by=\"avia_inline_auto\" id=\"style-css-av-ywqd-a9da362356ea1ad51a43060e38200a18\">\n.flex_column.av-ywqd-a9da362356ea1ad51a43060e38200a18{\nborder-radius:0px 0px 0px 0px;\npadding:0px 0px 0px 0px;\n}\n<\/style>\n<div  class='flex_column av-ywqd-a9da362356ea1ad51a43060e38200a18 av_one_full  avia-builder-el-3  el_after_av_three_fourth  avia-builder-el-last  first flex_column_div av-zero-column-padding  column-top-margin'     ><section  class='av_textblock_section av-kbihb0gk-78d3301f98f2f60c00fafc455aba9186 '   itemscope=\"itemscope\" itemtype=\"https:\/\/schema.org\/CreativeWork\" ><div class='avia_textblock'  itemprop=\"text\" ><p>Le Centre d\u2019histoire orale et de r\u00e9cits num\u00e9ris\u00e9s \/ Centre for Oral History and Digital Storytelling (CHORN \/ COHDS) a \u00e9t\u00e9 fond\u00e9 en 2006 par Steven High (Ph.\u202fD.), \u00e0 l\u2019\u00e9poque titulaire de la chaire de recherche du Canada en histoire orale, avec le financement de la Fondation canadienne pour l\u2019innovation et de l\u2019Universit\u00e9 Concordia. En 2007, le centre a d\u00e9m\u00e9nag\u00e9 de fa\u00e7on permanente au campus du centre-ville de Concordia, \u00e0 Montr\u00e9al. Sa mission principale est d\u2019aider \u00e0 recueillir et \u00e0 pr\u00e9server des enregistrements audiovisuels d\u2019histoire orale tout en encourageant la recherche et la cr\u00e9ation communautaires, en solo ou en collaboration, et ax\u00e9es sur la m\u00e9moire vivante et le t\u00e9moignage oral. L\u2019\u00e9thique et l\u2019autorit\u00e9 partag\u00e9e sont au c\u0153ur de nos valeurs en tant que centre de recherche universitaire.<\/p>\n<p>Le CHORN sert de point de convergence pour la recherche, la cr\u00e9ation et l\u2019enseignement en histoire orale \u00e0 Concordia. Il offre sur le campus un espace consacr\u00e9 aux chercheur\u00b7euse\u00b7s et aux artistes communautaires, qui font partie int\u00e9grante du centre. Le principe d\u2019autorit\u00e9 partag\u00e9e guide notre approche en mati\u00e8re d\u2019\u00e9thique de recherche, de structure administrative, de formation offerte et de programmation publique. Le centre se positionne \u00e0 la fronti\u00e8re entre l\u2019Universit\u00e9 et la communaut\u00e9. \u00c0 ce titre, il loge plusieurs projets de recherche \u00e0 grande \u00e9chelle, y compris le projet \u00ab\u202fHistoires de vie Montr\u00e9al\u202f\u00bb, alliance de recherche communaut\u00e9-universit\u00e9 financ\u00e9e par le Conseil de recherches en sciences humaines (2005-2012). Depuis 2018, le CHORN comprend le Laboratoire d\u2019\u00e9coute active, subventionn\u00e9 par la Fondation canadienne pour l\u2019innovation et l\u2019Universit\u00e9 Concordia, et dirig\u00e9 par Luis Carlos Sotelo Castro (Ph.\u202fD.), titulaire de la chaire de recherche du Canada en histoire orale et repr\u00e9sentation artistique, et second codirecteur du centre. Installation ultramoderne de repr\u00e9sentation et d\u2019enregistrement situ\u00e9 au CHORN, le laboratoire facilite la recherche-cr\u00e9ation interdisciplinaire sur l\u2019\u00e9coute active incarn\u00e9e et politis\u00e9e. Il se concentre sur l\u2019histoire de vie des personnes touch\u00e9es par un traumatisme social.<\/p>\n<p>Soucieux de favoriser des \u00e9changes dynamiques et interdisciplinaires ainsi que de solides r\u00e9sultats de recherche publique, le CHORN est \u00e9quip\u00e9 de mat\u00e9riel d\u2019enregistrement audio et vid\u00e9o \u00e0 la fine pointe de la technologie, d\u2019un laboratoire de recherche informatique pour ses membres affili\u00e9\u00b7e\u00b7s, d\u2019une salle consacr\u00e9e aux conf\u00e9rences et \u00e0 divers \u00e9v\u00e9nements, d\u2019une salle d\u2019entrevue, de m\u00eame que d\u2019archives contenant plus de 2\u202f000\u202fentrevues. Consulter les pages \u00ab\u202f<a href=\"https:\/\/storytelling.concordia.ca\/resources\/\" target=\"_blank\" rel=\"noopener\">Resources<\/a>\u202f\u00bb et \u00ab\u202f<a href=\"https:\/\/storytelling.concordia.ca\/archives\/collections\/\" target=\"_blank\" rel=\"noopener\">Collections<\/a>\u202f\u00bb pour en savoir plus sur ce que nous offrons \u00e0 nos membres affili\u00e9\u00b7e\u00b7s et \u00e0 l\u2019ensemble de la communaut\u00e9 de recherche.<\/p>\n<p>Le CHORN est fier de compter une communaut\u00e9 active d\u2019environ 300 professeur\u00b7e\u00b7s, \u00e9tudiant\u00b7e\u00b7s, boursier\u00b7\u00e8re\u00b7s postdoctoraux\u00b7ales, artistes et chercheur\u00b7euse\u00b7s invit\u00e9\u00b7e\u00b7s, historien\u00b7ne\u00b7s, artistes, militant\u00b7e\u00b7s et organismes. Notre r\u00e9seau de communication et de m\u00e9dias sociaux s\u2019\u00e9tend \u00e0 plusieurs milliers de personnes qui s\u2019int\u00e9ressent \u00e0 l\u2019histoire orale, tant ici \u00e0 Montr\u00e9al qu\u2019ailleurs dans le monde. Gr\u00e2ce \u00e0 nos ateliers, s\u00e9minaires, tables rondes, journ\u00e9es d\u2019\u00e9tude et colloques internationaux tels que celui de l\u2019Association d\u2019histoire orale en 2018, nos membres affili\u00e9\u00b7e\u00b7s ont de nombreuses occasions de se rencontrer, de se d\u00e9couvrir des int\u00e9r\u00eats communs, et de collaborer. En plus de publications de recherche, nos membres produisent une grande vari\u00e9t\u00e9 de mat\u00e9riel cr\u00e9atif et savant, allant de r\u00e9cits num\u00e9riques et de paysages de m\u00e9moire en ligne \u00e0 des parcours audioguid\u00e9s, des spectacles, des \u0153uvres sonores, des balados, des films, des animations, des cartes interactives, des installations artistiques et des expositions, entre autres. Consultez les liens sur la recherche-cr\u00e9ation et notre communaut\u00e9 pour en savoir plus.<\/p>\n<p>Pour toute question, n\u2019h\u00e9sitez pas\u00a0\u00e0 communiquer avec\u00a0<a href=\"https:\/\/storytelling.concordia.ca\/sebastien-caquard\/\">S\u00e9bastien\u00a0Caquard<\/a>\u00a0(Ph.\u202fD.), codirecteur du CHORN,\u00a0<a href=\"https:\/\/storytelling.concordia.ca\/luis-sotelo-castro\/\">Luis\u00a0Sotelo\u00a0Castro<\/a> (Ph.\u202fD.), directeur du Laboratoire d\u2019\u00e9coute active, ou <a href=\"https:\/\/storytelling.concordia.ca\/piyusha-chatterjee\/\">Piyusha Chatterjee<\/a> (Ph.D.), coordonnatrice et m\u00e9diatrice communautaire du CHORN.<\/p>\n<\/div><\/section><\/div>\n","protected":false},"excerpt":{"rendered":"","protected":false},"author":1,"featured_media":15237,"parent":0,"menu_order":37,"comment_status":"closed","ping_status":"closed","template":"","meta":{"footnotes":""},"class_list":["post-1490","page","type-page","status-publish","has-post-thumbnail","hentry"],"_links":{"self":[{"href":"https:\/\/storytelling.concordia.ca\/fr\/wp-json\/wp\/v2\/pages\/1490","targetHints":{"allow":["GET"]}}],"collection":[{"href":"https:\/\/storytelling.concordia.ca\/fr\/wp-json\/wp\/v2\/pages"}],"about":[{"href":"https:\/\/storytelling.concordia.ca\/fr\/wp-json\/wp\/v2\/types\/page"}],"author":[{"embeddable":true,"href":"https:\/\/storytelling.concordia.ca\/fr\/wp-json\/wp\/v2\/users\/1"}],"replies":[{"embeddable":true,"href":"https:\/\/storytelling.concordia.ca\/fr\/wp-json\/wp\/v2\/comments?post=1490"}],"version-history":[{"count":26,"href":"https:\/\/storytelling.concordia.ca\/fr\/wp-json\/wp\/v2\/pages\/1490\/revisions"}],"predecessor-version":[{"id":19417,"href":"https:\/\/storytelling.concordia.ca\/fr\/wp-json\/wp\/v2\/pages\/1490\/revisions\/19417"}],"wp:featuredmedia":[{"embeddable":true,"href":"https:\/\/storytelling.concordia.ca\/fr\/wp-json\/wp\/v2\/media\/15237"}],"wp:attachment":[{"href":"https:\/\/storytelling.concordia.ca\/fr\/wp-json\/wp\/v2\/media?parent=1490"}],"curies":[{"name":"wp","href":"https:\/\/api.w.org\/{rel}","templated":true}]}}